{"id":1220,"date":"2023-06-12T13:45:18","date_gmt":"2023-06-12T11:45:18","guid":{"rendered":"https:\/\/italmar.net\/code-of-conduct\/"},"modified":"2024-09-30T23:36:03","modified_gmt":"2024-09-30T21:36:03","slug":"codice-di-condotta","status":"publish","type":"page","link":"https:\/\/italmar.net\/it\/codice-di-condotta\/","title":{"rendered":"Codice di condotta"},"content":{"rendered":"<section class=\"wpb-content-wrapper\"><section data-vc-full-width=\"true\" data-vc-full-width-init=\"false\" class=\"vc_row wpb_row vc_row-fluid   pofo-stretch-content pofo-stretch-row-container\"><div class=\"wpb_column vc_column_container vc_col-sm-12  col-xs-mobile-fullwidth\"><div class=\"vc_column-inner \"><div class=\"wpb_wrapper\">[vc_custom_heading text=&#8221;Politica della qualit\u00e0&#8221; font_container=&#8221;tag:h4|text_align:left&#8221; use_theme_fonts=&#8221;yes&#8221; css=&#8221;.vc_custom_1687425134474{border-bottom-width: 2px !important;padding-bottom: 5px !important;border-bottom-color: #4b4b4d !important;border-bottom-style: solid !important;}&#8221;][vc_empty_space]<div class=\"vc_row wpb_row vc_inner vc_row-fluid   vc_column-gap-30\"><div class=\"wpb_column vc_column_container vc_col-sm-3  col-xs-mobile-fullwidth\"><div class=\"vc_column-inner \"><div class=\"wpb_wrapper\">[vc_single_image image=&#8221;1456&#8243; img_size=&#8221;full&#8221; onclick=&#8221;link_image&#8221;][vc_empty_space height=&#8221;16px&#8221;]<div class=\"last-paragraph-no-margin\"><p style=\"text-align: center;\">Scarica il certificato<\/p>\n<\/div>[vc_icon icon_fontawesome=&#8221;far fa-file-pdf&#8221; color=&#8221;custom&#8221; size=&#8221;sm&#8221; align=&#8221;center&#8221; custom_color=&#8221;#092a60&#8243; link=&#8221;url:https%3A%2F%2Fitalmar.net%2Fwp-content%2Fuploads%2F2024%2F09%2FCERTIFICASO-ISO-CAD-2026.pdf|title:Download%20Certificate|target:_blank&#8221;]<\/div><\/div><\/div><div class=\"wpb_column vc_column_container vc_col-sm-9  col-xs-mobile-fullwidth\"><div class=\"vc_column-inner \"><div class=\"wpb_wrapper\"><div class=\"last-paragraph-no-margin\"><p>In <strong>ITALMAR GROUP<\/strong> lavoriamo molto sulla dichiarazione di qualit\u00e0, sia internamente che esternamente. Per questo motivo, effettuiamo audit annuali della qualit\u00e0 in tutte le nostre sedi, con la <strong>societ\u00e0 Bureau Veritas<\/strong>, che esamina le nostre procedure e le certifica annualmente, valutando molto positivamente la nostra procedura di qualit\u00e0.<\/p>\n<p>La nostra azienda si impegna totalmente per l&#8217;alta qualit\u00e0, la sicurezza, il rispetto dell&#8217;ambiente, la solvibilit\u00e0 e l&#8217;etica, agendo in completa autonomia e assumendo la propria responsabilit\u00e0 civile secondo gli standard <strong>ISO 9001<\/strong>; 2015.<\/p>\n<p>L&#8217;obiettivo dell&#8217;organizzazione \u00e8 che la qualit\u00e0 dei servizi offerti rispecchi fedelmente le esigenze e le aspettative di ciascun cliente, garantendo la sua soddisfazione e il successo a lungo termine dell&#8217;azienda. A tal fine, stabilisce, dichiara e assume i seguenti principi:<\/p>\n<\/div>[vc_empty_space height=&#8221;16px&#8221;]<div class=\"last-paragraph-no-margin\"><p><img loading=\"lazy\" decoding=\"async\" class=\"alignright wp-image-171\" src=\"https:\/\/italmar.net\/wp-content\/uploads\/2023\/05\/Bureau_Veritas_1828_logo.png\" alt=\"\" width=\"100\" height=\"123\" srcset=\"https:\/\/italmar.net\/wp-content\/uploads\/2023\/05\/Bureau_Veritas_1828_logo.png 150w, https:\/\/italmar.net\/wp-content\/uploads\/2023\/05\/Bureau_Veritas_1828_logo-120x148.png 120w, https:\/\/italmar.net\/wp-content\/uploads\/2023\/05\/Bureau_Veritas_1828_logo-81x100.png 81w\" sizes=\"auto, (max-width: 100px) 100vw, 100px\" \/><\/p>\n<ol>\n<li>La Direzione dimostra leadership e impegno nei confronti del <strong>Sistema di Gestione della Qualit\u00e0<\/strong>, promuovendo l&#8217;uso dell&#8217;approccio per processi e del pensiero basato sul rischio.<\/li>\n<li>Prevenzione, individuazione, correzione e miglioramento continuo in tutto il ciclo del servizio.<\/li>\n<li>Ogni dipendente del Gruppo Italmar si <strong>impegna per la qualit\u00e0 delle procedure e delle operazioni<\/strong>.<\/li>\n<li>L&#8217;organizzazione e i suoi membri si impegnano a <strong>rispettare i requisiti legali<\/strong>, normativi e di altro tipo che potrebbero essere applicabili.<\/li>\n<\/ol>\n<p>La presente Politica della Qualit\u00e0 \u00e8 stata comunicata a <strong>tutto il personale del Gruppo Italmar ed \u00e8 disponibile per tutte le parti interessate<\/strong>.<\/p>\n<\/div><\/div><\/div><\/div><\/div>[vc_empty_space]<\/div><\/div><\/div><\/section><div class=\"vc_row-full-width vc_clearfix\"><\/div><section data-vc-full-width=\"true\" data-vc-full-width-init=\"false\" class=\"vc_row wpb_row vc_row-fluid  vc_custom_1687168112702 fix-background bg-position-right-center vc_row-has-fill pofo-stretch-content pofo-stretch-row-container\"><div class=\"wpb_column vc_column_container vc_col-sm-12  col-xs-mobile-fullwidth\"><div class=\"vc_column-inner \"><div class=\"wpb_wrapper\">[vc_custom_heading text=&#8221;Politica di riservatezza&#8221; font_container=&#8221;tag:h4|text_align:left&#8221; use_theme_fonts=&#8221;yes&#8221; css=&#8221;.vc_custom_1687425615253{border-bottom-width: 2px !important;padding-bottom: 5px !important;border-bottom-color: #4b4b4b !important;border-bottom-style: solid !important;}&#8221;][vc_empty_space]<div class=\"vc_row wpb_row vc_inner vc_row-fluid   vc_column-gap-30\"><div class=\"wpb_column vc_column_container vc_col-sm-6  col-xs-mobile-fullwidth\"><div class=\"vc_column-inner \"><div class=\"wpb_wrapper\"><div class=\"last-paragraph-no-margin\"><p><strong>ITALMAR GROUP<\/strong> tratta le informazioni e i dati personali che le persone ci forniscono, in modo lecito, leale e trasparente nei confronti dell&#8217;interessato, per scopi determinati, espliciti e legittimi e non saranno successivamente trattati in modo incompatibile con tali scopi, ai sensi dell&#8217;articolo 89, comma 1, del Codice Civile; l&#8217;ulteriore trattamento dei dati personali per finalit\u00e0 di archiviazione nel pubblico interesse, per finalit\u00e0 di ricerca scientifica e storica o per finalit\u00e0 statistiche non sar\u00e0 considerato incompatibile con le finalit\u00e0 iniziali; i dati saranno adeguati, pertinenti e limitati a quanto necessario in relazione alle finalit\u00e0 per le quali sono trattati e, se necessario, aggiornati.<\/p>\n<p>La societ\u00e0 <strong>QUALIA GROUP<\/strong> e la societ\u00e0 <strong>Project Consult<\/strong> supervisionano la nostra procedura per assicurarsi che si proceda in modo corretto, sottoponendoci a controlli annuali per verificare il rispetto della riservatezza dei dati. <strong>ITALMAR GROUP<\/strong> tratta le informazioni e i dati personali che le persone ci forniscono, in modo lecito, leale e trasparente nei confronti dell&#8217;interessato, per finalit\u00e0 determinate, esplicite e legittime e non saranno successivamente trattati in modo incompatibile con tali finalit\u00e0.<\/p>\n<\/div><\/div><\/div><\/div><div class=\"wpb_column vc_column_container vc_col-sm-6  col-xs-mobile-fullwidth\"><div class=\"vc_column-inner \"><div class=\"wpb_wrapper\">[vc_single_image image=&#8221;507&#8243; img_size=&#8221;large&#8221;][vc_empty_space height=&#8221;16px&#8221;]<div class=\"last-paragraph-no-margin\"><p><a href=\"https:\/\/italmar.net\/wp-content\/uploads\/2023\/05\/Certificado_auditoria_grupo_qualia.pdf\" target=\"_blank\" rel=\"noopener\"><i class=\"fa fa-file-pdf\"><\/i> Scarica il certificato<\/a><\/p>\n<\/div>[vc_empty_space]<div class=\"last-paragraph-no-margin\"><p><span style=\"color: #092a60;\"><strong>Project Consult<\/strong> Protezione dei dati:<\/span><br \/>\n<a href=\"http:\/\/www.leggesullaprivacy.it\/graph\/logo_dpo\/index.asp?graph=dpo_black\" target=\"_blank\" rel=\"noopener\"><br \/>\n<img loading=\"lazy\" decoding=\"async\" src=\"http:\/\/www.leggesullaprivacy.it\/graph\/logo_dpo\/dpo_black.png\" width=\"300\" height=\"111\" \/><br \/>\n<\/a><\/p>\n<\/div><\/div><\/div><\/div><\/div>[vc_empty_space]<\/div><\/div><\/div><\/section><div class=\"vc_row-full-width vc_clearfix\"><\/div><section data-vc-full-width=\"true\" data-vc-full-width-init=\"false\" data-vc-stretch-content=\"true\" class=\"vc_row wpb_row vc_row-fluid  vc_custom_1686567420081 bg-position-center-center vc_row-has-fill pofo-stretch-content vc_row-o-equal-height vc_row-o-content-middle vc_row-flex\"><div class=\"wpb_column vc_column_container vc_col-has-fill vc_col-sm-3  col-xs-mobile-fullwidth\"><div class=\"vc_column-inner vc_custom_1686567599436\"><div class=\"wpb_wrapper\">[vc_empty_space height=&#8221;96px&#8221;][vc_custom_heading text=&#8221;Politica di sicurezza&#8221; font_container=&#8221;tag:h4|text_align:left|color:%23ffffff&#8221; use_theme_fonts=&#8221;yes&#8221; css=&#8221;.vc_custom_1687359793309{border-bottom-width: 2px !important;padding-bottom: 5px !important;border-bottom-color: #ffffff !important;border-bottom-style: solid !important;}&#8221;][vc_empty_space]<div class=\"last-paragraph-no-margin\" style=\"color: #e1e1e1;\"><p><strong>ITALMAR GROUP<\/strong> si impegna a seguire le revisioni per <strong>migliorare e mantenere<\/strong> la <strong>politica di sicurezza<\/strong> e garantirne l&#8217;efficacia nel proprio sistema di gestione.<\/p>\n<\/div>[vc_empty_space height=&#8221;96px&#8221;]<\/div><\/div><\/div><div class=\"wpb_column vc_column_container vc_col-sm-3  col-xs-mobile-fullwidth\"><div class=\"vc_column-inner vc_custom_1686567605444\"><div class=\"wpb_wrapper\">[vc_empty_space height=&#8221;96px&#8221;][vc_custom_heading text=&#8221;Dichiarazione sulla politica di salute e sicurezza sul lavoro&#8221; font_container=&#8221;tag:h4|text_align:left|color:%23092a60&#8243; use_theme_fonts=&#8221;yes&#8221; css=&#8221;.vc_custom_1687359826039{border-bottom-width: 2px !important;padding-bottom: 5px !important;border-bottom-color: #092a60 !important;border-bottom-style: solid !important;}&#8221;][vc_empty_space]<div class=\"last-paragraph-no-margin\"><p>L&#8217;alta direzione stabilisce, attua e mantiene una politica di <strong>salute e sicurezza sul lavoro<\/strong>. L&#8217;obiettivo della sicurezza preventiva del Gruppo Italmar \u00e8 quello di stabilire standard che <strong>prevengano gli infortuni e le malattie dei lavoratori<\/strong> causate da vari agenti.<\/p>\n<\/div>[vc_empty_space height=&#8221;96px&#8221;]<\/div><\/div><\/div><div class=\"wpb_column vc_column_container vc_col-has-fill vc_col-sm-3  col-xs-mobile-fullwidth\"><div class=\"vc_column-inner vc_custom_1686567611613\"><div class=\"wpb_wrapper\">[vc_empty_space height=&#8221;96px&#8221;][vc_custom_heading text=&#8221;Politica sui conflitti di interesse&#8221; font_container=&#8221;tag:h4|text_align:left|color:%23ffffff&#8221; use_theme_fonts=&#8221;yes&#8221; css=&#8221;.vc_custom_1687359857784{border-bottom-width: 2px !important;padding-bottom: 5px !important;border-bottom-color: #ffffff !important;border-bottom-style: solid !important;}&#8221;][vc_empty_space]<div class=\"last-paragraph-no-margin\" style=\"color: #e1e1e1;\"><p><strong>Italmar<\/strong> effettua <strong>regolarmente valutazioni dei rischi<\/strong>, monitoraggi, verifiche, formazione e comunicazione del proprio <strong>programma ABC<\/strong>. <strong>Italmar<\/strong> mantiene inoltre chiare politiche e processi di whistleblowing, per garantire che le persone possano segnalare in modo confidenziale le loro preoccupazioni, <strong>senza timore di essere punite<\/strong>, confidando che saranno indagate e <strong>risolte in modo appropriato<\/strong>.<\/p>\n<\/div>[vc_empty_space height=&#8221;96px&#8221;]<\/div><\/div><\/div><div class=\"wpb_column vc_column_container vc_col-sm-3  col-xs-mobile-fullwidth\"><div class=\"vc_column-inner vc_custom_1686567617957\"><div class=\"wpb_wrapper\">[vc_empty_space height=&#8221;96px&#8221;][vc_custom_heading text=&#8221;Politica antiriciclaggio&#8221; font_container=&#8221;tag:h4|text_align:left|color:%23092a60&#8243; use_theme_fonts=&#8221;yes&#8221; css=&#8221;.vc_custom_1687359911060{border-bottom-width: 2px !important;padding-bottom: 5px !important;border-bottom-color: #092a60 !important;border-bottom-style: solid !important;}&#8221;][vc_empty_space]<div class=\"last-paragraph-no-margin\"><p>Come azienda, ci impegniamo a svolgere le nostre attivit\u00e0 in conformit\u00e0 con i <strong>pi\u00f9 elevati standard etici<\/strong>. Ci\u00f2 include il rispetto di <strong>tutte le leggi<\/strong> e le normative vigenti volte a <strong>combattere il riciclaggio di denaro e il finanziamento del terrorismo<\/strong>.<\/p>\n<\/div>[vc_empty_space height=&#8221;96px&#8221;]<\/div><\/div><\/div><\/section><div class=\"vc_row-full-width vc_clearfix\"><\/div><section data-vc-full-width=\"true\" data-vc-full-width-init=\"false\" class=\"vc_row wpb_row vc_row-fluid  vc_custom_1687168149871 fix-background bg-position-right-center vc_row-has-fill pofo-stretch-content pofo-stretch-row-container\"><div class=\"wpb_column vc_column_container vc_col-sm-12  col-xs-mobile-fullwidth\"><div class=\"vc_column-inner \"><div class=\"wpb_wrapper\">[vc_custom_heading text=&#8221;Politica anticorruzione&#8221; font_container=&#8221;tag:h4|text_align:left&#8221; use_theme_fonts=&#8221;yes&#8221; css=&#8221;.vc_custom_1687359687576{border-bottom-width: 4px !important;padding-bottom: 5px !important;border-bottom-color: #4b4b4d !important;border-bottom-style: solid !important;}&#8221;][vc_empty_space]<div class=\"last-paragraph-no-margin\"><p><span style=\"color: #092a60;\"><strong>Standard ABC<\/strong><\/span><\/p>\n<p>Come sancito dal Codice di Condotta e dal Codice Etico del Gruppo Italmar (conforme, responsabile, etico, accurato, affidabile, equo), Italmar proibisce severamente qualsiasi atto di corruzione e concussione, indipendentemente dalla sua forma, e richiede a tutti i suoi dipendenti di osservare e applicare i valori etici fondamentali di Italmar nelle loro operazioni quotidiane e negli affari commerciali per proteggere la reputazione di Italmar.<\/p>\n<p><strong><span style=\"color: #c20000;\">ITIC \u2013 International Transport Intermediaries Club Limited<\/span><\/strong><\/p>\n<p>ITIC \u00e8 la nostra assicurazione di responsabilit\u00e0 civile professionale. L&#8217;ITIC \u00e8 composta da professionisti che comprendono il mercato, la terminologia e la natura delicata delle relazioni commerciali all&#8217;interno delle numerose sfaccettature specializzate del nostro settore marittimo.<\/p>\n<p>L&#8217;ITIC ci offre una visione ampia e mirata per aiutarci ad apprezzare l&#8217;ambiente di rischio in cui lavoriamo; e ci aiuta ad affrontare ogni sfida con tranquillit\u00e0 e con una copertura di responsabilit\u00e0 civile professionale progettata per affrontare con precisione i problemi che dovrete affrontare.<\/p>\n<\/div>[vc_empty_space]<\/div><\/div><\/div><\/section><div class=\"vc_row-full-width vc_clearfix\"><\/div><section data-vc-full-width=\"true\" data-vc-full-width-init=\"false\" class=\"vc_row wpb_row vc_row-fluid  vc_custom_1684836952147 bg-position-left-bottom vc_row-has-fill pofo-stretch-content pofo-stretch-row-container\"><div class=\"wpb_column vc_column_container vc_col-sm-12  col-xs-mobile-fullwidth\"><div class=\"vc_column-inner \"><div class=\"wpb_wrapper\">[vc_custom_heading text=&#8221;Dichiarazione di politica ambientale&#8221; font_container=&#8221;tag:h4|text_align:left|color:%23092a60&#8243; use_theme_fonts=&#8221;yes&#8221; css=&#8221;.vc_custom_1687359481420{border-bottom-width: 4px !important;padding-bottom: 5px !important;border-bottom-color: #092a60 !important;border-bottom-style: solid !important;}&#8221;][vc_empty_space]<div class=\"last-paragraph-no-margin\"><p>Il <strong>GRUPPO ITALMAR<\/strong>, consapevole della rilevanza del <span style=\"color: #99cc00;\"><strong>rispetto dell&#8217;ambiente<\/strong><\/span>\u00a0e <strong>quindi della propria responsabilit\u00e0<\/strong>, decide di <strong>mettere a disposizione le risorse necessarie<\/strong> per garantire il <strong>raggiungimento di tali obiettivi<\/strong> nella propria attivit\u00e0 principale.<\/p>\n<p>&nbsp;<\/p>\n<ul>\n<li>Impegno a <strong>rispettare i requisiti ambientali di legge<\/strong> e altri requisiti volontari. Essere pi\u00f9 esigenti con questi requisiti.<\/li>\n<li><strong>Ridurre al minimo l&#8217;impatto ambientale dell&#8217;attivit\u00e0<\/strong>. A tal fine, si porr\u00e0 l&#8217;accento sulla gestione dei rifiuti prodotti, in particolare quelli pericolosi, degli scarichi, delle emissioni atmosferiche e delle risorse energetiche e naturali.<\/li>\n<li><strong>Ridurre<\/strong>, <strong>riutilizzare<\/strong> e <strong>riciclare<\/strong> i nostri rifiuti. Dare loro una destinazione che garantisca un minore impatto sull&#8217;ambiente.<\/li>\n<li>Per il funzionamento dell&#8217;azienda, la gestione ambientale \u00e8 un elemento <strong>strategico<\/strong>.<\/li>\n<li><strong>Comunicare<\/strong> gli impegni assunti nei confronti dell&#8217;ambiente.<\/li>\n<li>Per le persone che fanno parte dell&#8217;Organizzazione, i <strong>contenuti di questa politica sono obbligatori<\/strong>.<\/li>\n<li>Ci impegniamo a pianificare le nostre attivit\u00e0 in modo da assicurare la <strong>prevenzione dell&#8217;inquinamento<\/strong>, garantendo il <strong>miglioramento continuo<\/strong> del nostro comportamento in campo ambientale.<\/li>\n<\/ul>\n<\/div>[vc_empty_space]<\/div><\/div><\/div><\/section><div class=\"vc_row-full-width vc_clearfix\"><\/div>\n<\/section>","protected":false},"excerpt":{"rendered":"[vc_custom_heading text=\"Politica della qualit\u00e0\" font_container=\"tag:h4|text_align:left\" use_theme_fonts=\"yes\" css=\".vc_custom_1687425134474{border-bottom-width: 2px !important;padding-bottom: 5px !important;border-bottom-color: #4b4b4d !important;border-bottom-style: solid !important;}\"][vc_empty_space][vc_single_image image=\"1456\" img_size=\"full\" onclick=\"link_image\"][vc_empty_space height=\"16px\"]Scarica il certificato [vc_icon icon_fontawesome=\"far fa-file-pdf\" color=\"custom\" size=\"sm\" align=\"center\" custom_color=\"#092a60\" link=\"url:https%3A%2F%2Fitalmar.net%2Fwp-content%2Fuploads%2F2024%2F09%2FCERTIFICASO-ISO-CAD-2026.pdf|title:Download%20Certificate|target:_blank\"]In ITALMAR GROUP lavoriamo molto sulla dichiarazione di qualit\u00e0, sia internamente che esternamente. Per questo motivo, effettuiamo audit annuali della qualit\u00e0 in tutte le nostre sedi, con la societ\u00e0 Bureau Veritas, che esamina le nostre procedure e le certifica annualmente, valutando molto positivamente la nostra procedura di qualit\u00e0. La nostra azienda si impegna totalmente per l'alta qualit\u00e0, la sicurezza, il rispetto dell'ambiente, la solvibilit\u00e0 e l'etica, agendo in completa autonomia e assumendo la propria responsabilit\u00e0 civile secondo gli standard ISO 9001; 2015. L'obiettivo dell'organizzazione \u00e8 che la qualit\u00e0 dei servizi offerti rispecchi fedelmente le esigenze e le aspettative di ciascun cliente, garantendo la sua soddisfazione e il successo a lungo termine dell'azienda. A tal fine, stabilisce, dichiara e assume i seguenti principi: [vc_empty_space height=\"16px\"] La Direzione dimostra leadership e impegno nei confronti del Sistema di Gestione della Qualit\u00e0, promuovendo l'uso dell'approccio per processi e del pensiero basato sul rischio. Prevenzione, individuazione, correzione e miglioramento continuo in tutto il ciclo del servizio. Ogni dipendente del Gruppo Italmar si impegna per la qualit\u00e0 delle...","protected":false},"author":1,"featured_media":0,"parent":0,"menu_order":0,"comment_status":"closed","ping_status":"closed","template":"","meta":{"footnotes":""},"class_list":["post-1220","page","type-page","status-publish","hentry"],"_links":{"self":[{"href":"https:\/\/italmar.net\/it\/wp-json\/wp\/v2\/pages\/1220","targetHints":{"allow":["GET"]}}],"collection":[{"href":"https:\/\/italmar.net\/it\/wp-json\/wp\/v2\/pages"}],"about":[{"href":"https:\/\/italmar.net\/it\/wp-json\/wp\/v2\/types\/page"}],"author":[{"embeddable":true,"href":"https:\/\/italmar.net\/it\/wp-json\/wp\/v2\/users\/1"}],"replies":[{"embeddable":true,"href":"https:\/\/italmar.net\/it\/wp-json\/wp\/v2\/comments?post=1220"}],"version-history":[{"count":12,"href":"https:\/\/italmar.net\/it\/wp-json\/wp\/v2\/pages\/1220\/revisions"}],"predecessor-version":[{"id":1466,"href":"https:\/\/italmar.net\/it\/wp-json\/wp\/v2\/pages\/1220\/revisions\/1466"}],"wp:attachment":[{"href":"https:\/\/italmar.net\/it\/wp-json\/wp\/v2\/media?parent=1220"}],"curies":[{"name":"wp","href":"https:\/\/api.w.org\/{rel}","templated":true}]}}