{"id":1164,"date":"2023-05-23T11:35:01","date_gmt":"2023-05-23T09:35:01","guid":{"rendered":"https:\/\/italmar.net\/our-commitment\/"},"modified":"2023-06-28T10:05:50","modified_gmt":"2023-06-28T08:05:50","slug":"responsabilita-sociale-dimpresa","status":"publish","type":"page","link":"https:\/\/italmar.net\/it\/responsabilita-sociale-dimpresa\/","title":{"rendered":"Responsabilit\u00e0 sociale d&#8217;impresa"},"content":{"rendered":"<section class=\"wpb-content-wrapper\"><section data-vc-full-width=\"true\" data-vc-full-width-init=\"false\" class=\"vc_row wpb_row vc_row-fluid  vc_custom_1686907578313 vc_row-has-fill pofo-stretch-content pofo-stretch-row-container vc_row-o-full-height vc_row-o-columns-middle vc_row-o-content-middle vc_row-flex\"><div class=\"bg-extra-dark-gray bg-overlay\" style=\"opacity:0.3; background-color:#ffffff; z-index:-10; \"><\/div><div class=\"wpb_column vc_column_container  col-xs-mobile-fullwidth\"><div class=\"vc_column-inner \"><div class=\"wpb_wrapper\">[vc_empty_space height=&#8221;96px&#8221;]<div class=\"last-paragraph-no-margin\"><p>In <strong>Italmar<\/strong> siamo consapevoli delle <strong>conseguenze dei cambiamenti climatici<\/strong>, degli alti livelli di inquinamento di mari e oceani e delle gravi emergenze umanitarie che si verificano quotidianamente a <strong>livello globale<\/strong>.<\/p>\n<p>Dal 2017 stiamo lavorando all&#8217;implementazione di un reparto specializzato in operazioni di supporto marittimo per lo <strong>sviluppo delle energie rinnovabili<\/strong>, la <strong>protezione degli ecosistemi marini e costieri<\/strong>, <strong>le navi per la ricerca ambientale<\/strong> e <strong>gli aiuti umanitari<\/strong>. Il nostro contributo \u00e8 ben definito: agiamo sempre nel settore marittimo, in cui siamo esperti e da cui possiamo fornire <strong>un&#8217;assistenza efficace e di qualit\u00e0<\/strong>.<\/p>\n<p>Applichiamo parametri di qualit\u00e0 e sistemi di post-valutazione la cui funzionalit\u00e0 \u00e8 comprovata dal lavoro pregresso accumulato negli anni di vita di Italmar Group S.L. e che teniamo <strong>costantemente sotto controllo<\/strong> per ottenere i migliori risultati possibili e la <strong>massima capacit\u00e0 di risoluzione<\/strong>.<\/p>\n<p>Il nostro obiettivo e impegno \u00e8 quello di collaborare per un <strong>mondo sano<\/strong>, <strong>sostenibile<\/strong> e <strong>pi\u00f9 egualitario<\/strong>.<\/p>\n<\/div>[vc_empty_space height=&#8221;96px&#8221;]<\/div><\/div><\/div><\/section><div class=\"vc_row-full-width vc_clearfix\"><\/div>\n<\/section>","protected":false},"excerpt":{"rendered":"[vc_empty_space height=\"96px\"]In Italmar siamo consapevoli delle conseguenze dei cambiamenti climatici, degli alti livelli di inquinamento di mari e oceani e delle gravi emergenze umanitarie che si verificano quotidianamente a livello globale. Dal 2017 stiamo lavorando all'implementazione di un reparto specializzato in operazioni di supporto marittimo per lo sviluppo delle energie rinnovabili, la protezione degli ecosistemi marini e costieri, le navi per la ricerca ambientale e gli aiuti umanitari. Il nostro contributo \u00e8 ben definito: agiamo sempre nel settore marittimo, in cui siamo esperti e da cui possiamo fornire un'assistenza efficace e di qualit\u00e0. Applichiamo parametri di qualit\u00e0 e sistemi di post-valutazione la cui funzionalit\u00e0 \u00e8 comprovata dal lavoro pregresso accumulato negli anni di vita di Italmar Group S.L. e che teniamo costantemente sotto controllo per ottenere i migliori risultati possibili e la massima capacit\u00e0 di risoluzione. Il nostro obiettivo e impegno \u00e8 quello di collaborare per un mondo sano, sostenibile e pi\u00f9 egualitario. [vc_empty_space height=\"96px\"]","protected":false},"author":1,"featured_media":0,"parent":0,"menu_order":0,"comment_status":"closed","ping_status":"closed","template":"","meta":{"footnotes":""},"class_list":["post-1164","page","type-page","status-publish","hentry"],"_links":{"self":[{"href":"https:\/\/italmar.net\/it\/wp-json\/wp\/v2\/pages\/1164","targetHints":{"allow":["GET"]}}],"collection":[{"href":"https:\/\/italmar.net\/it\/wp-json\/wp\/v2\/pages"}],"about":[{"href":"https:\/\/italmar.net\/it\/wp-json\/wp\/v2\/types\/page"}],"author":[{"embeddable":true,"href":"https:\/\/italmar.net\/it\/wp-json\/wp\/v2\/users\/1"}],"replies":[{"embeddable":true,"href":"https:\/\/italmar.net\/it\/wp-json\/wp\/v2\/comments?post=1164"}],"version-history":[{"count":3,"href":"https:\/\/italmar.net\/it\/wp-json\/wp\/v2\/pages\/1164\/revisions"}],"predecessor-version":[{"id":1276,"href":"https:\/\/italmar.net\/it\/wp-json\/wp\/v2\/pages\/1164\/revisions\/1276"}],"wp:attachment":[{"href":"https:\/\/italmar.net\/it\/wp-json\/wp\/v2\/media?parent=1164"}],"curies":[{"name":"wp","href":"https:\/\/api.w.org\/{rel}","templated":true}]}}