{"id":1134,"date":"2023-05-22T16:21:56","date_gmt":"2023-05-22T14:21:56","guid":{"rendered":"https:\/\/italmar.net\/history\/"},"modified":"2023-06-28T10:38:44","modified_gmt":"2023-06-28T08:38:44","slug":"storia","status":"publish","type":"page","link":"https:\/\/italmar.net\/it\/storia\/","title":{"rendered":"Storia dell&#8217;azienda"},"content":{"rendered":"<section class=\"wpb-content-wrapper\"><section data-vc-full-width=\"true\" data-vc-full-width-init=\"false\" data-vc-stretch-content=\"true\" class=\"vc_row wpb_row vc_row-fluid  vc_custom_1686227161872 pofo-stretch-content vc_row-no-padding vc_row-o-equal-height vc_row-o-content-top vc_row-flex\"><div class=\"wpb_column vc_column_container vc_col-has-fill vc_col-sm-4  col-xs-mobile-fullwidth\"><div class=\"vc_column-inner vc_custom_1684843437271\"><div class=\"wpb_wrapper\">[vc_empty_space height=&#8221;64px&#8221;][vc_single_image image=&#8221;357&#8243; img_size=&#8221;full&#8221; onclick=&#8221;link_image&#8221;][vc_empty_space]<div class=\"last-paragraph-no-margin\"><p><strong>Piero Stracquadanio<\/strong><br \/>\n&#8211; Il fondatore<\/p>\n<p>Piero Stracquadanio, nato in una piccola citt\u00e0 costiera della Sicilia (Italia), era un imprenditore con la passione per il mare. Fin da piccolo dimostr\u00f2 un grande amore per l&#8217;oceano e le navi, che lo port\u00f2 a imbarcarsi come capitano su navi mercantili e da crociera.<\/p>\n<p>Il suo coinvolgimento nelle buone relazioni tra Spagna e Italia lo ha portato a diventare viceconsole d&#8217;Italia a Tarragona nel 1997. Inoltre, nel 2000 \u00e8 diventato membro del Consiglio di Amministrazione della Camera di Commercio Italiana di Barcellona, dove ha ricoperto la carica di Presidente della Commissione Commerciale.<\/p>\n<p>La sua dedizione e il suo contributo alla comunit\u00e0 non sono passati inosservati: nel 2001 e nel 2007 \u00e8 stato nominato cittadino onorario di Pozzallo, sua citt\u00e0 natale. Nel 2008, per\u00f2, Piero Stracquadanio \u00e8 venuto a mancare, lasciando un&#8217;eredit\u00e0 di incalcolabile valore.<\/p>\n<p>Dopo la sua morte, il figlio Angelo Stracquadanio ha assunto la direzione dell&#8217;agenzia marittima Italmar.<\/p>\n<p>La vita di Piero Stracquadanio \u00e8 stata segnata dalla passione per il mare, dall&#8217;impegno nelle relazioni internazionali e dall&#8217;eredit\u00e0 lasciata dal figlio. Il suo spirito imprenditoriale e il suo impegno per l&#8217;eccellenza continuano a ispirare coloro che hanno conosciuto e lavorato con lui.<\/p>\n<\/div>[vc_empty_space height=&#8221;64px&#8221;]<\/div><\/div><\/div><div class=\"wpb_column vc_column_container vc_col-sm-8  col-xs-mobile-fullwidth\"><div class=\"vc_column-inner vc_custom_1686563386853\"><div class=\"wpb_wrapper\">[vc_empty_space height=&#8221;64px&#8221;]<div class=\"last-paragraph-no-margin\">\r\n<div id=\"twp-1142\" class=\"style-one\">\r\n            <div id=\"twp-telement-0\" class=\"timeline\">\r\n           \r\n            <div class=\"timeline-content\">\r\n                <div class=\"circle\">\r\n                    <span>\r\n                                                    <img decoding=\"async\" src=\"https:\/\/italmar.net\/wp-content\/uploads\/2023\/05\/Italmar_history_01-256x256.jpg \" > \r\n                                            <\/span>\r\n                <\/div>\r\n                <div class=\"content\">\r\n                    <span class=\"year\">2019<\/span>                    <h4 class=\"title\">Creaci\u00f3n de la empresa<\/h4>                    <div class=\"description\">Nel gennaio 2001 viene creata la societ\u00e0 ITALMAR. Ha il suo primo ufficio nel cuore di Barcellona.<\/div>                    <div class=\"icon\">\r\n                        <span><\/span>\r\n                    <\/div>\r\n                <\/div>\r\n            <\/div>\r\n       \r\n        <\/div>\r\n            <div id=\"twp-telement-1\" class=\"timeline\">\r\n           \r\n            <div class=\"timeline-content\">\r\n                <div class=\"circle\">\r\n                    <span>\r\n                                                    <img decoding=\"async\" src=\"https:\/\/italmar.net\/wp-content\/uploads\/2023\/06\/Piero_2005-256x256.jpg \" > \r\n                                            <\/span>\r\n                <\/div>\r\n                <div class=\"content\">\r\n                    <span class=\"year\">2005<\/span>                    <h4 class=\"title\">Italmar agente internacional<\/h4>                    <div class=\"description\">Nel 2005 il Gruppo ITALMAR viene nominato Agente Generale Internazionale, offrendo servizi in tutto il mondo, e batte il suo record di servizio alle navi.<\/div>                    <div class=\"icon\">\r\n                        <span><\/span>\r\n                    <\/div>\r\n                <\/div>\r\n            <\/div>\r\n       \r\n        <\/div>\r\n            <div id=\"twp-telement-2\" class=\"timeline\">\r\n           \r\n            <div class=\"timeline-content\">\r\n                <div class=\"circle\">\r\n                    <span>\r\n                                                    <img decoding=\"async\" src=\"https:\/\/italmar.net\/wp-content\/uploads\/2023\/06\/Italmar_history_Malta02-256x256.jpg \" > \r\n                                            <\/span>\r\n                <\/div>\r\n                <div class=\"content\">\r\n                    <span class=\"year\">2007<\/span>                    <h4 class=\"title\">Apertura de Sardinia<\/h4>                    <div class=\"description\">Nel 2007 ITALMAR Group apre il suo secondo ufficio in Sardegna, Italia.<\/div>                    <div class=\"icon\">\r\n                        <span><\/span>\r\n                    <\/div>\r\n                <\/div>\r\n            <\/div>\r\n       \r\n        <\/div>\r\n            <div id=\"twp-telement-3\" class=\"timeline\">\r\n           \r\n            <div class=\"timeline-content\">\r\n                <div class=\"circle\">\r\n                    <span>\r\n                                                    <img decoding=\"async\" src=\"https:\/\/italmar.net\/wp-content\/uploads\/2023\/06\/italmar_imagotipo_01-256x256.jpg \" > \r\n                                            <\/span>\r\n                <\/div>\r\n                <div class=\"content\">\r\n                    <span class=\"year\">2015<\/span>                    <h4 class=\"title\">Cambio de im\u00e1gen<\/h4>                    <div class=\"description\">En 2015 la compa\u00f1\u00eda cambia su imagen corporativa, cambiando el Logo de ITALMAR GROUP.<\/div>                    <div class=\"icon\">\r\n                        <span><\/span>\r\n                    <\/div>\r\n                <\/div>\r\n            <\/div>\r\n       \r\n        <\/div>\r\n            <div id=\"twp-telement-4\" class=\"timeline\">\r\n           \r\n            <div class=\"timeline-content\">\r\n                <div class=\"circle\">\r\n                    <span>\r\n                                                    <img decoding=\"async\" src=\"https:\/\/italmar.net\/wp-content\/uploads\/2023\/06\/Italmar_history_Malta02-256x256.jpg \" > \r\n                                            <\/span>\r\n                <\/div>\r\n                <div class=\"content\">\r\n                    <span class=\"year\">2019<\/span>                    <h4 class=\"title\">Apertura Malta<\/h4>                    <div class=\"description\">Nel 2019 il Gruppo Italmar apre il suo terzo ufficio a Malta.<\/div>                    <div class=\"icon\">\r\n                        <span><\/span>\r\n                    <\/div>\r\n                <\/div>\r\n            <\/div>\r\n       \r\n        <\/div>\r\n            <div id=\"twp-telement-5\" class=\"timeline\">\r\n           \r\n            <div class=\"timeline-content\">\r\n                <div class=\"circle\">\r\n                    <span>\r\n                                                    <img decoding=\"async\" src=\"https:\/\/italmar.net\/wp-content\/uploads\/2023\/05\/Amphitheater-Tarragona_02-256x256.jpg \" > \r\n                                            <\/span>\r\n                <\/div>\r\n                <div class=\"content\">\r\n                    <span class=\"year\">2021<\/span>                    <h4 class=\"title\">Apertura Tarragona<\/h4>                    <div class=\"description\">Nel 2021 il Gruppo Italmar apre un ufficio nel porto di Tarragona.<\/div>                    <div class=\"icon\">\r\n                        <span><\/span>\r\n                    <\/div>\r\n                <\/div>\r\n            <\/div>\r\n       \r\n        <\/div>\r\n            <div id=\"twp-telement-6\" class=\"timeline\">\r\n           \r\n            <div class=\"timeline-content\">\r\n                <div class=\"circle\">\r\n                    <span>\r\n                                                    <img decoding=\"async\" src=\"https:\/\/italmar.net\/wp-content\/uploads\/2023\/05\/Algeciras_02-256x256.jpg \" > \r\n                                            <\/span>\r\n                <\/div>\r\n                <div class=\"content\">\r\n                    <span class=\"year\">2022<\/span>                    <h4 class=\"title\">Apertura Algeciras<\/h4>                    <div class=\"description\">Nel 2022 il Gruppo Italmar apre un ufficio nel porto di Algeciras.<\/div>                    <div class=\"icon\">\r\n                        <span><\/span>\r\n                    <\/div>\r\n                <\/div>\r\n            <\/div>\r\n       \r\n        <\/div>\r\n            <div id=\"twp-telement-7\" class=\"timeline\">\r\n           \r\n            <div class=\"timeline-content\">\r\n                <div class=\"circle\">\r\n                    <span>\r\n                                                    <img decoding=\"async\" src=\"https:\/\/italmar.net\/wp-content\/uploads\/2023\/05\/naples-12269-256x256.jpg \" > \r\n                                            <\/span>\r\n                <\/div>\r\n                <div class=\"content\">\r\n                    <span class=\"year\">2023<\/span>                    <h4 class=\"title\">Apertura Livorno y N\u00e1poles<\/h4>                    <div class=\"description\">Nel 2023 il Gruppo Italmar apre uffici nel porto di Livorno e di Napoli.<\/div>                    <div class=\"icon\">\r\n                        <span><\/span>\r\n                    <\/div>\r\n                <\/div>\r\n            <\/div>\r\n       \r\n        <\/div>\r\n    <\/div>\r\n\r\n<style>\r\n    #twp-1142.style-one:before, #twp-1142.style-one .timeline:first-child::before, #twp-1142.style-one .icon , #twp-1142.style-one .circle , #twp-1142.style-one .circle span, #twp-1142.style-one .timeline:last-child::before\r\n    {\r\n        border-color:#092a60;\r\n    }#twp-1142.style-one .title, #twp-1142.style-one .circle span, #twp-1142.style-one .description {\r\n        color:#092a60;\r\n    }#twp-1142.style-one:before,#twp-1142.style-one .circle::before,#twp-1142.style-one .icon:before,#twp-1142.style-one .timeline .year, #twp-1142.style-one .timeline-content::before {\r\n        background-color:#092a60;\r\n    }#twp-1142.style-one .title {\r\n        color:#4b4b4d;\r\n    }#twp-1142.style-one .title {\r\n        font-size:26px;\r\n    }#twp-1142.style-one .title {\r\n        display:none;\r\n    }#twp-1142.style-one .timeline .year{\r\n        color:#ffffff;\r\n    }#twp-1142.style-one .timeline .year{\r\n        font-size:32px;\r\n    }#twp-1142.style-one .description {\r\n        color:#2b2b2d;\r\n    }#twp-1142.style-one .description {\r\n        font-size:16px;\r\n    }<\/style>\r\n\r\n\r\n\n<\/div>[vc_empty_space height=&#8221;64px&#8221;]<\/div><\/div><\/div><\/section><div class=\"vc_row-full-width vc_clearfix\"><\/div>\n<\/section>","protected":false},"excerpt":{"rendered":"[vc_empty_space height=\"64px\"][vc_single_image image=\"357\" img_size=\"full\" onclick=\"link_image\"][vc_empty_space]Piero Stracquadanio - Il fondatore Piero Stracquadanio, nato in una piccola citt\u00e0 costiera della Sicilia (Italia), era un imprenditore con la passione per il mare. Fin da piccolo dimostr\u00f2 un grande amore per l'oceano e le navi, che lo port\u00f2 a imbarcarsi come capitano su navi mercantili e da crociera. Il suo coinvolgimento nelle buone relazioni tra Spagna e Italia lo ha portato a diventare viceconsole d'Italia a Tarragona nel 1997. Inoltre, nel 2000 \u00e8 diventato membro del Consiglio di Amministrazione della Camera di Commercio Italiana di Barcellona, dove ha ricoperto la carica di Presidente della Commissione Commerciale. La sua dedizione e il suo contributo alla comunit\u00e0 non sono passati inosservati: nel 2001 e nel 2007 \u00e8 stato nominato cittadino onorario di Pozzallo, sua citt\u00e0 natale. Nel 2008, per\u00f2, Piero Stracquadanio \u00e8 venuto a mancare, lasciando un'eredit\u00e0 di incalcolabile valore. Dopo la sua morte, il figlio Angelo Stracquadanio ha assunto la direzione dell'agenzia marittima Italmar. La vita di Piero Stracquadanio \u00e8 stata segnata dalla passione per il mare, dall'impegno nelle relazioni internazionali e dall'eredit\u00e0 lasciata dal figlio. Il suo spirito imprenditoriale e il suo impegno per l'eccellenza continuano a ispirare coloro che hanno conosciuto e lavorato...","protected":false},"author":1,"featured_media":0,"parent":0,"menu_order":0,"comment_status":"closed","ping_status":"closed","template":"","meta":{"footnotes":""},"class_list":["post-1134","page","type-page","status-publish","hentry"],"_links":{"self":[{"href":"https:\/\/italmar.net\/it\/wp-json\/wp\/v2\/pages\/1134","targetHints":{"allow":["GET"]}}],"collection":[{"href":"https:\/\/italmar.net\/it\/wp-json\/wp\/v2\/pages"}],"about":[{"href":"https:\/\/italmar.net\/it\/wp-json\/wp\/v2\/types\/page"}],"author":[{"embeddable":true,"href":"https:\/\/italmar.net\/it\/wp-json\/wp\/v2\/users\/1"}],"replies":[{"embeddable":true,"href":"https:\/\/italmar.net\/it\/wp-json\/wp\/v2\/comments?post=1134"}],"version-history":[{"count":4,"href":"https:\/\/italmar.net\/it\/wp-json\/wp\/v2\/pages\/1134\/revisions"}],"predecessor-version":[{"id":1281,"href":"https:\/\/italmar.net\/it\/wp-json\/wp\/v2\/pages\/1134\/revisions\/1281"}],"wp:attachment":[{"href":"https:\/\/italmar.net\/it\/wp-json\/wp\/v2\/media?parent=1134"}],"curies":[{"name":"wp","href":"https:\/\/api.w.org\/{rel}","templated":true}]}}