{"id":1128,"date":"2023-05-23T11:33:55","date_gmt":"2023-05-23T09:33:55","guid":{"rendered":"https:\/\/italmar.net\/our-vision-values-and-goals-guide-our-actions\/"},"modified":"2023-06-19T13:21:18","modified_gmt":"2023-06-19T11:21:18","slug":"la-nostra-visione-i-nostri-valori-e-i-nostri-obiettivi-guidano-le-nostre-azioni","status":"publish","type":"page","link":"https:\/\/italmar.net\/it\/la-nostra-visione-i-nostri-valori-e-i-nostri-obiettivi-guidano-le-nostre-azioni\/","title":{"rendered":"La nostra visione, i nostri valori e i nostri obiettivi guidano le nostre azioni"},"content":{"rendered":"<section class=\"wpb-content-wrapper\"><section data-vc-full-width=\"true\" data-vc-full-width-init=\"false\" class=\"vc_row wpb_row vc_row-fluid  vc_custom_1686563306197 bg-position-left-center vc_row-has-fill pofo-stretch-content pofo-stretch-row-container\"><div class=\"bg-extra-dark-gray bg-overlay\" style=\"opacity:0.4; background-color:#ffffff; \"><\/div><div class=\"wpb_column vc_column_container vc_col-sm-12  col-xs-mobile-fullwidth\"><div class=\"vc_column-inner \"><div class=\"wpb_wrapper\">[vc_empty_space height=&#8221;64px&#8221;]<div class=\"last-paragraph-no-margin\"><p>Partito dal basso, il <strong>Gruppo Italmar<\/strong> \u00e8 sempre stato un&#8217;<strong>azienda umilmente familiare<\/strong>. I nostri <strong>valori<\/strong> saranno sempre quelli di trattare i nostri clienti in modo <strong>vicino<\/strong>, <strong>trasparente e personalizzato<\/strong>. Ci occuperemo di tutte le richieste come se fossero nostre e non accetteremo mai il fallimento come parte del processo. E <strong>tutti questi valori rimarranno<\/strong>.<\/p>\n<\/div>[vc_empty_space]<div class=\"last-paragraph-no-margin\"><ul>\n<li>La soddisfazione del cliente. \u00c8 la base di tutto. Si ottiene attraverso la fornitura di servizi di valore che coprono un bisogno.<\/li>\n<li>Innovazione. Benvenuti nelle nuove esigenze. Cambiare al volo non significa fare un passo indietro. Qualsiasi suggerimento o soluzione \u00e8 ben accetto se serve a migliorare i servizi.<\/li>\n<li>Equilibrio. Il progresso pu\u00f2 essere misurato. L&#8217;evoluzione dei processi non \u00e8 un elemento soggettivo. Pu\u00f2 essere misurata con indicatori specifici.<\/li>\n<li>Sviluppo sostenibile. La modalit\u00e0 di esecuzione dei progetti deve garantire la loro continuit\u00e0. Non si tratta di fare per fare.<\/li>\n<li>Leadership. I leader dei progetti devono svolgere il loro lavoro nello stesso luogo in cui si svolgono i compiti e non dagli uffici personali.<\/li>\n<li>Conversazione faccia a faccia. Comunicazione efficace dei messaggi, di persona. Vengono organizzate riunioni regolari.<br \/>\nMotivazione e fiducia. I processi avranno successo solo se coloro che li realizzano sono persone motivate che interagiscono in un clima di fiducia e solidariet\u00e0.<\/li>\n<li>Eccellenza tecnica e buon design. La forma non deve mai andare persa, cos\u00ec come la qualit\u00e0 del lavoro. Tutto \u00e8 un insieme.<\/li>\n<li>Adattamento alle circostanze che cambiano. I progetti di solito non finiscono nello stesso modo in cui crescono. \u00c8 essenziale che chi li esegue sappia adattarsi alle diverse circostanze che possono presentarsi.<\/li>\n<\/ul>\n<\/div>[vc_empty_space]<\/div><\/div><\/div><\/section><div class=\"vc_row-full-width vc_clearfix\"><\/div>\n<\/section>","protected":false},"excerpt":{"rendered":"[vc_empty_space height=\"64px\"]Partito dal basso, il Gruppo Italmar \u00e8 sempre stato un'azienda umilmente familiare. I nostri valori saranno sempre quelli di trattare i nostri clienti in modo vicino, trasparente e personalizzato. Ci occuperemo di tutte le richieste come se fossero nostre e non accetteremo mai il fallimento come parte del processo. E tutti questi valori rimarranno. [vc_empty_space] La soddisfazione del cliente. \u00c8 la base di tutto. Si ottiene attraverso la fornitura di servizi di valore che coprono un bisogno. Innovazione. Benvenuti nelle nuove esigenze. Cambiare al volo non significa fare un passo indietro. Qualsiasi suggerimento o soluzione \u00e8 ben accetto se serve a migliorare i servizi. Equilibrio. Il progresso pu\u00f2 essere misurato. L'evoluzione dei processi non \u00e8 un elemento soggettivo. Pu\u00f2 essere misurata con indicatori specifici. Sviluppo sostenibile. La modalit\u00e0 di esecuzione dei progetti deve garantire la loro continuit\u00e0. Non si tratta di fare per fare. Leadership. I leader dei progetti devono svolgere il loro lavoro nello stesso luogo in cui si svolgono i compiti e non dagli uffici personali. Conversazione faccia a faccia. Comunicazione efficace dei messaggi, di persona. Vengono organizzate riunioni regolari. Motivazione e fiducia. I processi avranno successo solo se coloro che li realizzano sono persone motivate che...","protected":false},"author":1,"featured_media":0,"parent":0,"menu_order":0,"comment_status":"closed","ping_status":"closed","template":"","meta":{"footnotes":""},"class_list":["post-1128","page","type-page","status-publish","hentry"],"_links":{"self":[{"href":"https:\/\/italmar.net\/it\/wp-json\/wp\/v2\/pages\/1128","targetHints":{"allow":["GET"]}}],"collection":[{"href":"https:\/\/italmar.net\/it\/wp-json\/wp\/v2\/pages"}],"about":[{"href":"https:\/\/italmar.net\/it\/wp-json\/wp\/v2\/types\/page"}],"author":[{"embeddable":true,"href":"https:\/\/italmar.net\/it\/wp-json\/wp\/v2\/users\/1"}],"replies":[{"embeddable":true,"href":"https:\/\/italmar.net\/it\/wp-json\/wp\/v2\/comments?post=1128"}],"version-history":[{"count":2,"href":"https:\/\/italmar.net\/it\/wp-json\/wp\/v2\/pages\/1128\/revisions"}],"predecessor-version":[{"id":1133,"href":"https:\/\/italmar.net\/it\/wp-json\/wp\/v2\/pages\/1128\/revisions\/1133"}],"wp:attachment":[{"href":"https:\/\/italmar.net\/it\/wp-json\/wp\/v2\/media?parent=1128"}],"curies":[{"name":"wp","href":"https:\/\/api.w.org\/{rel}","templated":true}]}}