{"id":1195,"date":"2023-04-27T11:05:03","date_gmt":"2023-04-27T09:05:03","guid":{"rendered":"https:\/\/italmar.net\/services\/"},"modified":"2023-07-15T16:18:00","modified_gmt":"2023-07-15T14:18:00","slug":"servicios","status":"publish","type":"page","link":"https:\/\/italmar.net\/es\/servicios\/","title":{"rendered":"Servicios"},"content":{"rendered":"<section class=\"wpb-content-wrapper\"><section data-vc-full-width=\"true\" data-vc-full-width-init=\"false\" class=\"vc_row wpb_row vc_row-fluid  vc_custom_1687185029861 bg-position-left-top vc_row-has-fill pofo-stretch-content pofo-stretch-row-container vc_row-o-equal-height vc_row-flex\"><div class=\"wpb_column vc_column_container vc_col-sm-12  col-xs-mobile-fullwidth\"><div class=\"vc_column-inner \"><div class=\"wpb_wrapper\">[vc_empty_space]<div class=\"vc_row wpb_row vc_inner vc_row-fluid   vc_column-gap-15 vc_row-o-equal-height vc_row-flex\"><div class=\"wpb_column vc_column_container vc_col-sm-3  col-xs-mobile-fullwidth\"><div class=\"vc_column-inner \"><div class=\"wpb_wrapper\"><div class=\"featurebox8 pofo-featurebox  vc_custom_1687183887856 box-shadow-light feature-box-8  position-relative overflow-hidden z-index-5 padding-twelve-all md-padding-six-all xs-padding-15px-lr featurebox8-1\" ><div class=\"display-inline-block\"><i class=\"link-icon ti-world icon-extra-medium text-deep-pink  margin-25px-bottom margin-25px-top sm-margin-20px-bottom xs-margin-15px-bottom\" style=\"color:#092a60; \"><\/i><\/div><div class=\"alt-font text-extra-dark-gray font-weight-600 margin-10px-bottom sm-margin-5px-bottom\">Hub Agency<\/div><div class=\"center-col last-paragraph-no-margin\"><p>Prestamos Servicio de Agencia Mar\u00edtima a nivel Mundial, cubriendo viajes desde el Puerto de Carga hasta el Puerto de Descarga, pudiendo gestionar todos los tr\u00e1mites en ambos extremos.<\/p>\n<\/div><div class=\"feature-box-overlay bg-deep-pink\" style=\"height:0px;\"><\/div><\/div>[vc_separator color=\u00bbcustom\u00bb align=\u00bbalign_left\u00bb el_width=\u00bb30&#8243; accent_color=\u00bb#092a60&#8243; css=\u00bb.vc_custom_1685003528514{margin-top: -2px !important;}\u00bb]<\/div><\/div><\/div><div class=\"wpb_column vc_column_container vc_col-sm-3  col-xs-mobile-fullwidth\"><div class=\"vc_column-inner \"><div class=\"wpb_wrapper\"><div class=\"featurebox8 pofo-featurebox  vc_custom_1687961321906 box-shadow-light feature-box-8  position-relative overflow-hidden z-index-5 padding-twelve-all md-padding-six-all xs-padding-15px-lr featurebox8-2\" ><div class=\"display-inline-block\"><img decoding=\"async\" src=\"https:\/\/italmar.net\/wp-content\/uploads\/2023\/06\/ico_husbandry-agency_04.png\" alt=\"\" class=\"icon-image margin-25px-bottom margin-25px-top sm-margin-20px-bottom xs-margin-15px-bottom\" style=\"max-width: 40px;\"\/><\/div><div class=\"alt-font text-extra-dark-gray font-weight-600 margin-10px-bottom sm-margin-5px-bottom\">Agencia Mar\u00edtima<\/div><div class=\"center-col last-paragraph-no-margin\"><p>Proporcionamos todos los requisitos y Servicios que los Armadores necesitan para tener sus Buques listos y en condiciones de navegar.<\/p>\n<\/div><div class=\"feature-box-overlay bg-deep-pink\" style=\"height:0px;\"><\/div><\/div>[vc_separator color=\u00bbcustom\u00bb align=\u00bbalign_left\u00bb el_width=\u00bb30&#8243; accent_color=\u00bb#092a60&#8243; css=\u00bb.vc_custom_1685003528514{margin-top: -2px !important;}\u00bb]<\/div><\/div><\/div><div class=\"wpb_column vc_column_container vc_col-sm-3  col-xs-mobile-fullwidth\"><div class=\"vc_column-inner \"><div class=\"wpb_wrapper\"><div class=\"featurebox8 pofo-featurebox  vc_custom_1687183907475 box-shadow-light feature-box-8  position-relative overflow-hidden z-index-5 padding-twelve-all md-padding-six-all xs-padding-15px-lr featurebox8-3\" ><div class=\"display-inline-block\"><i class=\"link-icon ti-anchor icon-extra-medium text-deep-pink  margin-25px-bottom margin-25px-top sm-margin-20px-bottom xs-margin-15px-bottom\" style=\"color:#092a60; \"><\/i><\/div><div class=\"alt-font text-extra-dark-gray font-weight-600 margin-10px-bottom sm-margin-5px-bottom\">Corredor de Buques<\/div><div class=\"center-col last-paragraph-no-margin\"><p>Gracias a nuestros contactos en todo el mundo, somos capaces de conectar Armadores con Fletadores y Viceversa.<\/p>\n<\/div><div class=\"feature-box-overlay bg-deep-pink\" style=\"height:0px;\"><\/div><\/div>[vc_separator color=\u00bbcustom\u00bb align=\u00bbalign_left\u00bb el_width=\u00bb30&#8243; accent_color=\u00bb#092a60&#8243; css=\u00bb.vc_custom_1685003528514{margin-top: -2px !important;}\u00bb]<\/div><\/div><\/div><div class=\"wpb_column vc_column_container vc_col-sm-3  col-xs-mobile-fullwidth\"><div class=\"vc_column-inner \"><div class=\"wpb_wrapper\"><div class=\"featurebox8 pofo-featurebox  vc_custom_1687183913459 box-shadow-light feature-box-8  position-relative overflow-hidden z-index-5 padding-twelve-all md-padding-six-all xs-padding-15px-lr featurebox8-4\" ><div class=\"display-inline-block\"><i class=\"link-icon fa-solid fa-tint icon-extra-medium text-deep-pink  margin-25px-bottom margin-25px-top sm-margin-20px-bottom xs-margin-15px-bottom\" style=\"color:#092a60; \"><\/i><\/div><div class=\"alt-font text-extra-dark-gray font-weight-600 margin-10px-bottom sm-margin-5px-bottom\">Bunker<\/div><div class=\"center-col last-paragraph-no-margin\"><p>Suministramos Bunker en las zonas m\u00e1s interesantes.<\/p>\n<\/div><div class=\"feature-box-overlay bg-deep-pink\" style=\"height:0px;\"><\/div><\/div>[vc_separator color=\u00bbcustom\u00bb align=\u00bbalign_left\u00bb el_width=\u00bb30&#8243; accent_color=\u00bb#092a60&#8243; css=\u00bb.vc_custom_1685003528514{margin-top: -2px !important;}\u00bb]<\/div><\/div><\/div><\/div>[vc_empty_space el_class=\u00bbhide-mobile\u00bb]<div class=\"vc_row wpb_row vc_inner vc_row-fluid   vc_column-gap-15 vc_row-o-equal-height vc_row-flex\"><div class=\"wpb_column vc_column_container vc_col-sm-3  col-xs-mobile-fullwidth\"><div class=\"vc_column-inner \"><div class=\"wpb_wrapper\"><div class=\"featurebox8 pofo-featurebox  vc_custom_1687961312642 box-shadow-light feature-box-8  position-relative overflow-hidden z-index-5 padding-twelve-all md-padding-six-all xs-padding-15px-lr featurebox8-5\" ><div class=\"display-inline-block\"><img decoding=\"async\" src=\"https:\/\/italmar.net\/wp-content\/uploads\/2023\/06\/ico_towage_01-1.png\" alt=\"\" class=\"icon-image margin-25px-bottom margin-25px-top sm-margin-20px-bottom xs-margin-15px-bottom\" style=\"max-width: 40px;\"\/><\/div><div class=\"alt-font text-extra-dark-gray font-weight-600 margin-10px-bottom sm-margin-5px-bottom\">Remolque<\/div><div class=\"center-col last-paragraph-no-margin\"><p>Actuando a trav\u00e9s de nosotros como Broker de Remolque, nuestros comitentes pueden beneficiarse de descuentos muy interesantes en los contratos de Remolque.<\/p>\n<\/div><div class=\"feature-box-overlay bg-deep-pink\" style=\"height:0px;\"><\/div><\/div>[vc_separator color=\u00bbcustom\u00bb align=\u00bbalign_left\u00bb el_width=\u00bb30&#8243; accent_color=\u00bb#092a60&#8243; css=\u00bb.vc_custom_1685003528514{margin-top: -2px !important;}\u00bb]<\/div><\/div><\/div><div class=\"wpb_column vc_column_container vc_col-sm-3  col-xs-mobile-fullwidth\"><div class=\"vc_column-inner \"><div class=\"wpb_wrapper\"><div class=\"featurebox8 pofo-featurebox  vc_custom_1687961343393 box-shadow-light feature-box-8  position-relative overflow-hidden z-index-5 padding-twelve-all md-padding-six-all xs-padding-15px-lr featurebox8-6\" ><div class=\"display-inline-block\"><img decoding=\"async\" src=\"https:\/\/italmar.net\/wp-content\/uploads\/2023\/06\/ico_custom_02.png\" alt=\"\" class=\"icon-image margin-25px-bottom margin-25px-top sm-margin-20px-bottom xs-margin-15px-bottom\" style=\"max-width: 40px;\"\/><\/div><div class=\"alt-font text-extra-dark-gray font-weight-600 margin-10px-bottom sm-margin-5px-bottom\">Agencia de Aduanas<\/div><div class=\"center-col last-paragraph-no-margin\"><p>No importa donde se encuentre su buque o su carga, podemos gestionar todos los tr\u00e1mites aduaneros.<\/p>\n<\/div><div class=\"feature-box-overlay bg-deep-pink\" style=\"height:0px;\"><\/div><\/div>[vc_separator color=\u00bbcustom\u00bb align=\u00bbalign_left\u00bb el_width=\u00bb30&#8243; accent_color=\u00bb#092a60&#8243; css=\u00bb.vc_custom_1685003528514{margin-top: -2px !important;}\u00bb]<\/div><\/div><\/div><div class=\"wpb_column vc_column_container vc_col-sm-3  col-xs-mobile-fullwidth\"><div class=\"vc_column-inner \"><div class=\"wpb_wrapper\"><div class=\"featurebox8 pofo-featurebox  vc_custom_1687961395460 box-shadow-light feature-box-8  position-relative overflow-hidden z-index-5 padding-twelve-all md-padding-six-all xs-padding-15px-lr featurebox8-7\" ><div class=\"display-inline-block\"><img decoding=\"async\" src=\"https:\/\/italmar.net\/wp-content\/uploads\/2023\/06\/ico_yatch_03.png\" alt=\"\" class=\"icon-image margin-25px-bottom margin-25px-top sm-margin-20px-bottom xs-margin-15px-bottom\" style=\"max-width: 40px;\"\/><\/div><div class=\"alt-font text-extra-dark-gray font-weight-600 margin-10px-bottom sm-margin-5px-bottom\">N\u00e1utica<\/div><div class=\"center-col last-paragraph-no-margin\"><p>Podemos organizar todas sus necesidades de Yatching. Desde la Agencia, hasta organizar el transporte mar\u00edtimo de Punto a Punto.<\/p>\n<\/div><div class=\"feature-box-overlay bg-deep-pink\" style=\"height:0px;\"><\/div><\/div>[vc_separator color=\u00bbcustom\u00bb align=\u00bbalign_left\u00bb el_width=\u00bb30&#8243; accent_color=\u00bb#092a60&#8243; css=\u00bb.vc_custom_1685003528514{margin-top: -2px !important;}\u00bb]<\/div><\/div><\/div><div class=\"wpb_column vc_column_container vc_col-sm-3  col-xs-mobile-fullwidth\"><div class=\"vc_column-inner \"><div class=\"wpb_wrapper\"><div class=\"featurebox8 pofo-featurebox  vc_custom_1687183981326 box-shadow-light feature-box-8  position-relative overflow-hidden z-index-5 padding-twelve-all md-padding-six-all xs-padding-15px-lr featurebox8-8\" ><div class=\"display-inline-block\"><i class=\"link-icon icon-tools-2 icon-extra-medium text-deep-pink  margin-25px-bottom margin-25px-top sm-margin-20px-bottom xs-margin-15px-bottom\" style=\"color:#092a60; \"><\/i><\/div><div class=\"alt-font text-extra-dark-gray font-weight-600 margin-10px-bottom sm-margin-5px-bottom\">Reparaciones<\/div><div class=\"center-col last-paragraph-no-margin\"><p>Nuestro equipo especializado se encargar\u00e1 de todas las operaciones relacionadas con la reparaci\u00f3n, sin importar donde se encuentre la llamada.<\/p>\n<\/div><div class=\"feature-box-overlay bg-deep-pink\" style=\"height:0px;\"><\/div><\/div>[vc_separator color=\u00bbcustom\u00bb align=\u00bbalign_left\u00bb el_width=\u00bb30&#8243; accent_color=\u00bb#092a60&#8243; css=\u00bb.vc_custom_1685003528514{margin-top: -2px !important;}\u00bb]<\/div><\/div><\/div><\/div>[vc_empty_space el_class=\u00bbhide-mobile\u00bb]<div class=\"vc_row wpb_row vc_inner vc_row-fluid   vc_column-gap-15 vc_row-o-equal-height vc_row-flex\"><div class=\"wpb_column vc_column_container vc_col-sm-3  col-xs-mobile-fullwidth\"><div class=\"vc_column-inner \"><div class=\"wpb_wrapper\"><div class=\"featurebox8 pofo-featurebox  vc_custom_1687183996034 box-shadow-light feature-box-8  position-relative overflow-hidden z-index-5 padding-twelve-all md-padding-six-all xs-padding-15px-lr featurebox8-9\" ><div class=\"display-inline-block\"><i class=\"link-icon ti-package icon-extra-medium text-deep-pink  margin-25px-bottom margin-25px-top sm-margin-20px-bottom xs-margin-15px-bottom\" style=\"color:#092a60; \"><\/i><\/div><div class=\"alt-font text-extra-dark-gray font-weight-600 margin-10px-bottom sm-margin-5px-bottom\">Provisiones<\/div><div class=\"center-col last-paragraph-no-margin\"><p>Suministramos todo tipo de provisiones en todo el mundo.<\/p>\n<\/div><div class=\"feature-box-overlay bg-deep-pink\" style=\"height:0px;\"><\/div><\/div>[vc_separator color=\u00bbcustom\u00bb align=\u00bbalign_left\u00bb el_width=\u00bb30&#8243; accent_color=\u00bb#092a60&#8243; css=\u00bb.vc_custom_1685003528514{margin-top: -2px !important;}\u00bb]<\/div><\/div><\/div><div class=\"wpb_column vc_column_container vc_col-sm-3  col-xs-mobile-fullwidth\"><div class=\"vc_column-inner \"><div class=\"wpb_wrapper\"><div class=\"featurebox8 pofo-featurebox  vc_custom_1687184048656 box-shadow-light feature-box-8  position-relative overflow-hidden z-index-5 padding-twelve-all md-padding-six-all xs-padding-15px-lr featurebox8-10\" ><div class=\"display-inline-block\"><i class=\"link-icon ti-export icon-extra-medium text-deep-pink  margin-25px-bottom margin-25px-top sm-margin-20px-bottom xs-margin-15px-bottom\" style=\"color:#092a60; \"><\/i><\/div><div class=\"alt-font text-extra-dark-gray font-weight-600 margin-10px-bottom sm-margin-5px-bottom\">Servicios de expedici\u00f3n<\/div><div class=\"center-col last-paragraph-no-margin\"><p>Organizamos todo tipo de transporte y destino de mercanc\u00edas, (transporte a\u00e9reo).<\/p>\n<\/div><div class=\"feature-box-overlay bg-deep-pink\" style=\"height:0px;\"><\/div><\/div>[vc_separator color=\u00bbcustom\u00bb align=\u00bbalign_left\u00bb el_width=\u00bb30&#8243; accent_color=\u00bb#092a60&#8243; css=\u00bb.vc_custom_1685003528514{margin-top: -2px !important;}\u00bb]<\/div><\/div><\/div><div class=\"wpb_column vc_column_container vc_col-sm-3  col-xs-mobile-fullwidth\"><div class=\"vc_column-inner \"><div class=\"wpb_wrapper\"><div class=\"featurebox8 pofo-featurebox  vc_custom_1687961405052 box-shadow-light feature-box-8  position-relative overflow-hidden z-index-5 padding-twelve-all md-padding-six-all xs-padding-15px-lr featurebox8-11\" ><div class=\"display-inline-block\"><img decoding=\"async\" src=\"https:\/\/italmar.net\/wp-content\/uploads\/2023\/06\/ico_under_water_01.png\" alt=\"\" class=\"icon-image margin-25px-bottom margin-25px-top sm-margin-20px-bottom xs-margin-15px-bottom\" style=\"max-width: 40px;\"\/><\/div><div class=\"alt-font text-extra-dark-gray font-weight-600 margin-10px-bottom sm-margin-5px-bottom\">Servicios Submarinos y Limpieza de Cascos<\/div><div class=\"center-col last-paragraph-no-margin\"><p>Proporcionamos buceadores homologados y formados a nuestros clientes.<\/p>\n<\/div><div class=\"feature-box-overlay bg-deep-pink\" style=\"height:0px;\"><\/div><\/div>[vc_separator color=\u00bbcustom\u00bb align=\u00bbalign_left\u00bb el_width=\u00bb30&#8243; accent_color=\u00bb#092a60&#8243; css=\u00bb.vc_custom_1685003528514{margin-top: -2px !important;}\u00bb]<\/div><\/div><\/div><div class=\"wpb_column vc_column_container vc_col-sm-3  col-xs-mobile-fullwidth\"><div class=\"vc_column-inner \"><div class=\"wpb_wrapper\"><div class=\"featurebox8 pofo-featurebox  vc_custom_1687184086349 box-shadow-light feature-box-8  position-relative overflow-hidden z-index-5 padding-twelve-all md-padding-six-all xs-padding-15px-lr featurebox8-12\" ><div class=\"display-inline-block\"><i class=\"link-icon ti-exchange-vertical icon-extra-medium text-deep-pink  margin-25px-bottom margin-25px-top sm-margin-20px-bottom xs-margin-15px-bottom\" style=\"color:#092a60; \"><\/i><\/div><div class=\"alt-font text-extra-dark-gray font-weight-600 margin-10px-bottom sm-margin-5px-bottom\">Proveedor de STS<\/div><div class=\"center-col last-paragraph-no-margin\"><p>Proporcionamos arreglos de transferencias de barco a barco en todos los Puertos donde STS surgen como una opci\u00f3n.<\/p>\n<\/div><div class=\"feature-box-overlay bg-deep-pink\" style=\"height:0px;\"><\/div><\/div>[vc_separator color=\u00bbcustom\u00bb align=\u00bbalign_left\u00bb el_width=\u00bb30&#8243; accent_color=\u00bb#092a60&#8243; css=\u00bb.vc_custom_1685003528514{margin-top: -2px !important;}\u00bb]<\/div><\/div><\/div><\/div>[vc_empty_space el_class=\u00bbhide-mobile\u00bb]<div class=\"vc_row wpb_row vc_inner vc_row-fluid   vc_column-gap-15 vc_row-o-equal-height vc_row-flex\"><div class=\"wpb_column vc_column_container vc_col-sm-3  col-xs-mobile-fullwidth\"><div class=\"vc_column-inner \"><div class=\"wpb_wrapper\"><div class=\"featurebox8 pofo-featurebox  vc_custom_1689430677631 box-shadow-light feature-box-8  position-relative overflow-hidden z-index-5 padding-twelve-all md-padding-six-all xs-padding-15px-lr featurebox8-13\" ><div class=\"display-inline-block\"><i class=\"link-icon ti-layout-media-overlay-alt-2 icon-extra-medium text-deep-pink  margin-25px-bottom margin-25px-top sm-margin-20px-bottom xs-margin-15px-bottom\" style=\"color:#092a60; \"><\/i><\/div><div class=\"alt-font text-extra-dark-gray font-weight-600 margin-10px-bottom sm-margin-5px-bottom\">Gesti\u00f3n Administrativa<\/div><div class=\"center-col last-paragraph-no-margin\"><p>Nuestro equipo est\u00e1 aqu\u00ed para ayudarle a crear un proceso administrativo y de facturaci\u00f3n m\u00e1s econ\u00f3mico, negociando por usted las mejores tarifas en costes portuarios.<\/p>\n<\/div><div class=\"feature-box-overlay bg-deep-pink\" style=\"height:0px;\"><\/div><\/div>[vc_separator color=\u00bbcustom\u00bb align=\u00bbalign_left\u00bb el_width=\u00bb30&#8243; accent_color=\u00bb#092a60&#8243; css=\u00bb.vc_custom_1685003528514{margin-top: -2px !important;}\u00bb]<\/div><\/div><\/div><div class=\"wpb_column vc_column_container vc_col-sm-3  col-xs-mobile-fullwidth\"><div class=\"vc_column-inner \"><div class=\"wpb_wrapper\"><\/div><\/div><\/div><div class=\"wpb_column vc_column_container vc_col-sm-3  col-xs-mobile-fullwidth\"><div class=\"vc_column-inner \"><div class=\"wpb_wrapper\"><\/div><\/div><\/div><div class=\"wpb_column vc_column_container vc_col-sm-3  col-xs-mobile-fullwidth\"><div class=\"vc_column-inner \"><div class=\"wpb_wrapper\"><\/div><\/div><\/div><\/div>[vc_empty_space]<\/div><\/div><\/div><\/section><div class=\"vc_row-full-width vc_clearfix\"><\/div>\n<\/section>","protected":false},"excerpt":{"rendered":"[vc_empty_space]Hub AgencyPrestamos Servicio de Agencia Mar\u00edtima a nivel Mundial, cubriendo viajes desde el Puerto de Carga hasta el Puerto de Descarga, pudiendo gestionar todos los tr\u00e1mites en ambos extremos. [vc_separator color=\"custom\" align=\"align_left\" el_width=\"30\" accent_color=\"#092a60\" css=\".vc_custom_1685003528514{margin-top: -2px !important;}\"]Agencia Mar\u00edtimaProporcionamos todos los requisitos y Servicios que los Armadores necesitan para tener sus Buques listos y en condiciones de navegar. [vc_separator color=\"custom\" align=\"align_left\" el_width=\"30\" accent_color=\"#092a60\" css=\".vc_custom_1685003528514{margin-top: -2px !important;}\"]Corredor de BuquesGracias a nuestros contactos en todo el mundo, somos capaces de conectar Armadores con Fletadores y Viceversa. [vc_separator color=\"custom\" align=\"align_left\" el_width=\"30\" accent_color=\"#092a60\" css=\".vc_custom_1685003528514{margin-top: -2px !important;}\"]BunkerSuministramos Bunker en las zonas m\u00e1s interesantes. [vc_separator color=\"custom\" align=\"align_left\" el_width=\"30\" accent_color=\"#092a60\" css=\".vc_custom_1685003528514{margin-top: -2px !important;}\"][vc_empty_space el_class=\"hide-mobile\"]RemolqueActuando a trav\u00e9s de nosotros como Broker de Remolque, nuestros comitentes pueden beneficiarse de descuentos muy interesantes en los contratos de Remolque. [vc_separator color=\"custom\" align=\"align_left\" el_width=\"30\" accent_color=\"#092a60\" css=\".vc_custom_1685003528514{margin-top: -2px !important;}\"]Agencia de AduanasNo importa donde se encuentre su buque o su carga, podemos gestionar todos los tr\u00e1mites aduaneros. [vc_separator color=\"custom\" align=\"align_left\" el_width=\"30\" accent_color=\"#092a60\" css=\".vc_custom_1685003528514{margin-top: -2px !important;}\"]N\u00e1uticaPodemos organizar todas sus necesidades de Yatching. Desde la Agencia, hasta organizar el transporte mar\u00edtimo de Punto a Punto. [vc_separator color=\"custom\" align=\"align_left\" el_width=\"30\" accent_color=\"#092a60\" css=\".vc_custom_1685003528514{margin-top: -2px !important;}\"]ReparacionesNuestro equipo especializado se encargar\u00e1 de todas las operaciones relacionadas con la reparaci\u00f3n, sin importar...","protected":false},"author":1,"featured_media":0,"parent":0,"menu_order":0,"comment_status":"closed","ping_status":"closed","template":"","meta":{"footnotes":""},"class_list":["post-1195","page","type-page","status-publish","hentry"],"_links":{"self":[{"href":"https:\/\/italmar.net\/es\/wp-json\/wp\/v2\/pages\/1195","targetHints":{"allow":["GET"]}}],"collection":[{"href":"https:\/\/italmar.net\/es\/wp-json\/wp\/v2\/pages"}],"about":[{"href":"https:\/\/italmar.net\/es\/wp-json\/wp\/v2\/types\/page"}],"author":[{"embeddable":true,"href":"https:\/\/italmar.net\/es\/wp-json\/wp\/v2\/users\/1"}],"replies":[{"embeddable":true,"href":"https:\/\/italmar.net\/es\/wp-json\/wp\/v2\/comments?post=1195"}],"version-history":[{"count":8,"href":"https:\/\/italmar.net\/es\/wp-json\/wp\/v2\/pages\/1195\/revisions"}],"predecessor-version":[{"id":1361,"href":"https:\/\/italmar.net\/es\/wp-json\/wp\/v2\/pages\/1195\/revisions\/1361"}],"wp:attachment":[{"href":"https:\/\/italmar.net\/es\/wp-json\/wp\/v2\/media?parent=1195"}],"curies":[{"name":"wp","href":"https:\/\/api.w.org\/{rel}","templated":true}]}}