{"id":1165,"date":"2023-05-23T11:35:01","date_gmt":"2023-05-23T09:35:01","guid":{"rendered":"https:\/\/italmar.net\/our-commitment\/"},"modified":"2023-06-28T10:05:27","modified_gmt":"2023-06-28T08:05:27","slug":"responsabilidad-social-corporativa","status":"publish","type":"page","link":"https:\/\/italmar.net\/es\/responsabilidad-social-corporativa\/","title":{"rendered":"Responsabilidad social corporativa"},"content":{"rendered":"<section class=\"wpb-content-wrapper\"><section data-vc-full-width=\"true\" data-vc-full-width-init=\"false\" class=\"vc_row wpb_row vc_row-fluid  vc_custom_1686907578313 vc_row-has-fill pofo-stretch-content pofo-stretch-row-container vc_row-o-full-height vc_row-o-columns-middle vc_row-o-content-middle vc_row-flex\"><div class=\"bg-extra-dark-gray bg-overlay\" style=\"opacity:0.3; background-color:#ffffff; z-index:-10; \"><\/div><div class=\"wpb_column vc_column_container  col-xs-mobile-fullwidth\"><div class=\"vc_column-inner \"><div class=\"wpb_wrapper\">[vc_empty_space height=\u00bb96px\u00bb]<div class=\"last-paragraph-no-margin\"><p>En <strong>Italmar<\/strong> somos conscientes de las <strong>consecuencias del cambio clim\u00e1tico<\/strong>, de los altos niveles de contaminaci\u00f3n de mares y oc\u00e9anos y de las graves emergencias humanitarias que se producen a diario a <strong>nivel global<\/strong>.<\/p>\n<p>Desde 2017 trabajamos en la puesta en marcha de un departamento especializado en operaciones de apoyo mar\u00edtimo al <strong>desarrollo de energ\u00edas renovables<\/strong>, <strong>protecci\u00f3n de ecosistemas marinos y costeros<\/strong>, <strong>buques de investigaci\u00f3n medioambiental<\/strong> y <strong>ayuda humanitaria<\/strong>. Nuestra aportaci\u00f3n est\u00e1 bien definida: actuamos siempre en el \u00e1mbito mar\u00edtimo, en el que somos expertos y desde el que podemos prestar una <strong>asistencia eficaz y de calidad<\/strong>.<\/p>\n<p>Aplicamos par\u00e1metros de calidad y sistemas de post-evaluaci\u00f3n cuya funcionalidad est\u00e1 contrastada por el trabajo previo acumulado en los a\u00f1os de vida de Italmar Group S.L. y que mantenemos en <strong>continua revisi\u00f3n<\/strong> para conseguir los mejores resultados posibles y una <strong>m\u00e1xima capacidad resolutiva<\/strong>.<\/p>\n<p>Nuestro objetivo y compromiso es cooperar por un mundo <strong>medioambientalmente sano<\/strong>, <strong>sostenible<\/strong> y <strong>m\u00e1s igualitario<\/strong>.<\/p>\n<\/div>[vc_empty_space height=\u00bb96px\u00bb]<\/div><\/div><\/div><\/section><div class=\"vc_row-full-width vc_clearfix\"><\/div>\n<\/section>","protected":false},"excerpt":{"rendered":"[vc_empty_space height=\"96px\"]En Italmar somos conscientes de las consecuencias del cambio clim\u00e1tico, de los altos niveles de contaminaci\u00f3n de mares y oc\u00e9anos y de las graves emergencias humanitarias que se producen a diario a nivel global. Desde 2017 trabajamos en la puesta en marcha de un departamento especializado en operaciones de apoyo mar\u00edtimo al desarrollo de energ\u00edas renovables, protecci\u00f3n de ecosistemas marinos y costeros, buques de investigaci\u00f3n medioambiental y ayuda humanitaria. Nuestra aportaci\u00f3n est\u00e1 bien definida: actuamos siempre en el \u00e1mbito mar\u00edtimo, en el que somos expertos y desde el que podemos prestar una asistencia eficaz y de calidad. Aplicamos par\u00e1metros de calidad y sistemas de post-evaluaci\u00f3n cuya funcionalidad est\u00e1 contrastada por el trabajo previo acumulado en los a\u00f1os de vida de Italmar Group S.L. y que mantenemos en continua revisi\u00f3n para conseguir los mejores resultados posibles y una m\u00e1xima capacidad resolutiva. Nuestro objetivo y compromiso es cooperar por un mundo medioambientalmente sano, sostenible y m\u00e1s igualitario. [vc_empty_space height=\"96px\"]","protected":false},"author":1,"featured_media":0,"parent":0,"menu_order":0,"comment_status":"closed","ping_status":"closed","template":"","meta":{"footnotes":""},"class_list":["post-1165","page","type-page","status-publish","hentry"],"_links":{"self":[{"href":"https:\/\/italmar.net\/es\/wp-json\/wp\/v2\/pages\/1165","targetHints":{"allow":["GET"]}}],"collection":[{"href":"https:\/\/italmar.net\/es\/wp-json\/wp\/v2\/pages"}],"about":[{"href":"https:\/\/italmar.net\/es\/wp-json\/wp\/v2\/types\/page"}],"author":[{"embeddable":true,"href":"https:\/\/italmar.net\/es\/wp-json\/wp\/v2\/users\/1"}],"replies":[{"embeddable":true,"href":"https:\/\/italmar.net\/es\/wp-json\/wp\/v2\/comments?post=1165"}],"version-history":[{"count":3,"href":"https:\/\/italmar.net\/es\/wp-json\/wp\/v2\/pages\/1165\/revisions"}],"predecessor-version":[{"id":1275,"href":"https:\/\/italmar.net\/es\/wp-json\/wp\/v2\/pages\/1165\/revisions\/1275"}],"wp:attachment":[{"href":"https:\/\/italmar.net\/es\/wp-json\/wp\/v2\/media?parent=1165"}],"curies":[{"name":"wp","href":"https:\/\/api.w.org\/{rel}","templated":true}]}}