{"id":1160,"date":"2023-06-07T13:17:16","date_gmt":"2023-06-07T11:17:16","guid":{"rendered":"https:\/\/italmar.net\/legal-notice\/"},"modified":"2023-11-27T12:33:06","modified_gmt":"2023-11-27T11:33:06","slug":"legal-notice","status":"publish","type":"page","link":"https:\/\/italmar.net\/es\/legal-notice\/","title":{"rendered":"Aviso legal"},"content":{"rendered":"<section class=\"wpb-content-wrapper\"><section data-vc-full-width=\"true\" data-vc-full-width-init=\"false\" class=\"vc_row wpb_row vc_row-fluid  vc_custom_1701084525674 top-space pofo-stretch-content pofo-stretch-row-container vc_row-o-equal-height vc_row-o-content-middle vc_row-flex\"><div class=\"wpb_column vc_column_container vc_col-sm-6  col-xs-mobile-fullwidth\"><div class=\"vc_column-inner \"><div class=\"wpb_wrapper\">[vc_custom_heading source=\u00bbpost_title\u00bb font_container=\u00bbtag:h1|font_size:40px|text_align:left|line_height:45px\u00bb use_theme_fonts=\u00bbyes\u00bb][vc_separator color=\u00bbcustom\u00bb align=\u00bbalign_left\u00bb border_width=\u00bb2&#8243; el_width=\u00bb30&#8243; accent_color=\u00bb#092a60&#8243;]<\/div><\/div><\/div><div class=\"wpb_column vc_column_container vc_col-sm-6  col-xs-mobile-fullwidth\"><div class=\"vc_column-inner \"><div class=\"wpb_wrapper\">[vc_single_image image=\u00bb507&#8243; img_size=\u00bb210&#215;42&#8243; alignment=\u00bbright\u00bb]<\/div><\/div><\/div><\/section><div class=\"vc_row-full-width vc_clearfix\"><\/div><section data-vc-full-width=\"true\" data-vc-full-width-init=\"false\" class=\"vc_row wpb_row vc_row-fluid   pofo-stretch-content pofo-stretch-row-container\"><div class=\"wpb_column vc_column_container vc_col-has-fill  col-xs-mobile-fullwidth pofo-column-responsive-69eb5ffc9da39\"><div class=\"vc_column-inner vc_custom_1686138124403\"><div class=\"wpb_wrapper\"><div class=\"last-paragraph-no-margin\"><p>En cumplimiento de la Ley 34\/2002, con \u00faltima actualizaci\u00f3n, 09\/05\/2023, de servicios de la sociedad de la informaci\u00f3n y de comercio electr\u00f3nico, <b>ITALMAR 3000, SL<\/b>, le informa que es titular de los sitios web: <strong>https:\/\/italmar.net\/<\/strong>. De acuerdo con la exigencia del art\u00edculo 10 de la mencionada Ley, notifica los siguientes datos: NIF\/CIF: <strong>B62732904<\/strong>, Registro Mercantil de <strong>BARCELONA<\/strong>. Tomo: <strong>34503<\/strong>, Folio: <strong>15, S8<\/strong>, Hoja: <strong>B-242229<\/strong> y domicilio social: <strong>RONDA SANT PERE 19-21, 7-5<\/strong>. <strong>08010<\/strong>, <strong>BARCELONA (BARCELONA)<\/strong>. La direcci\u00f3n de correo electr\u00f3nico de contacto con la empresa es: <a href=\"mailto:italmar@italmar.net\">italmar@italmar.net<\/a>.<\/p>\n<p><strong>1. USUARIO Y R\u00c9GIMEN DE RESPONSABILIDADES<\/strong><\/p>\n<p>La navegaci\u00f3n por acceso o uso de la p\u00e1gina web y todos los subdominios y directorios incluidos bajo el mismo dominio, as\u00ed como los servicios o contenidos que a trav\u00e9s de \u00e9l se puedan obtener y todos los portales de dominio propio bajo titularidad de <b>ITALMAR 3000, SL<\/b>, otorga la condici\u00f3n de <strong>Usuario<\/strong>, por la que se aceptan, al navegar por la p\u00e1gina web de <b>ITALMAR 3000, SL<\/b>, todas las condiciones de uso que se establecen sin perjudicar la aplicaci\u00f3n de la correspondiente normativa de obligado cumplimiento legal seg\u00fan el caso.<\/p>\n<p>Por eso, si las consideraciones detalladas en este aviso legal no son de su conformidad, rogamos no haga uso del portal, ya que cualquier uso que haga del mismo o los servicios y contenidos en \u00e9l incluidos implicar\u00e1 la aceptaci\u00f3n de los t\u00e9rminos legales recogidos en este texto.<br \/>\nLa p\u00e1gina web de <b>ITALMAR 3000, SL<\/b>, proporciona gran diversidad de informaci\u00f3n, servicios y datos. El usuario asume su responsabilidad en el uso correcto de los sitios web. Esta responsabilidad se extender\u00e1 a: La veracidad y licitud de las informaciones aportadas por el usuario en los formularios de registro y contacto de <b>ITALMAR 3000, SL<\/b>, para acceder a determinados contenidos o servicios ofrecidos por la web.<br \/>\nEl uso de la informaci\u00f3n, servicios y datos ofrecidos por, <b>ITALMAR 3000, SL<\/b> no ir\u00e1n contra las disposiciones de estas cl\u00e1usulas, la Ley, la moral, las buenas costumbres o el orden p\u00fablico que puedan suponer lesi\u00f3n de los derechos de terceros o del funcionamiento de los sitios web. A tal efecto, el Usuario se abstendr\u00e1 de utilizar cualquiera de los contenidos con fines il\u00edcitos y prohibidos en este texto, lesivos de los derechos e intereses de terceros, o que de cualquier forma puedan da\u00f1ar, inutilizar, sobrecargar, deteriorar o impedir la normal utilizaci\u00f3n de los contenidos, de otros Usuarios o de cualquier usuario de Internet (hardware y software).<br \/>\nLos usuarios responder\u00e1n de los da\u00f1os y perjuicios de toda naturaleza que la entidad propietaria de la web pueda sufrir, directa o indirectamente, como consecuencia de incumplimiento de cualquiera de las obligaciones derivadas del uso de la Web y de esta pol\u00edtica de privacidad.<br \/>\nEn particular, y a t\u00edtulo meramente indicativo y no exhaustivo, el Usuario se compromete a no transmitir, difundir o poner a disposici\u00f3n de terceros informaciones, datos, contenidos, mensajes, gr\u00e1ficos, dibujos, archivos de sonido y\/o imagen, fotograf\u00edas de esta web.<\/p>\n<\/div><\/div><\/div><\/div><\/section><div class=\"vc_row-full-width vc_clearfix\"><\/div>\n<\/section>","protected":false},"excerpt":{"rendered":"[vc_custom_heading source=\"post_title\" font_container=\"tag:h1|font_size:40px|text_align:left|line_height:45px\" use_theme_fonts=\"yes\"][vc_separator color=\"custom\" align=\"align_left\" border_width=\"2\" el_width=\"30\" accent_color=\"#092a60\"][vc_single_image image=\"507\" img_size=\"210x42\" alignment=\"right\"]En cumplimiento de la Ley 34\/2002, con \u00faltima actualizaci\u00f3n, 09\/05\/2023, de servicios de la sociedad de la informaci\u00f3n y de comercio electr\u00f3nico, ITALMAR 3000, SL, le informa que es titular de los sitios web: https:\/\/italmar.net\/. De acuerdo con la exigencia del art\u00edculo 10 de la mencionada Ley, notifica los siguientes datos: NIF\/CIF: B62732904, Registro Mercantil de BARCELONA. Tomo: 34503, Folio: 15, S8, Hoja: B-242229 y domicilio social: RONDA SANT PERE 19-21, 7-5. 08010, BARCELONA (BARCELONA). La direcci\u00f3n de correo electr\u00f3nico de contacto con la empresa es: italmar@italmar.net. 1. USUARIO Y R\u00c9GIMEN DE RESPONSABILIDADES La navegaci\u00f3n por acceso o uso de la p\u00e1gina web y todos los subdominios y directorios incluidos bajo el mismo dominio, as\u00ed como los servicios o contenidos que a trav\u00e9s de \u00e9l se puedan obtener y todos los portales de dominio propio bajo titularidad de ITALMAR 3000, SL, otorga la condici\u00f3n de Usuario, por la que se aceptan, al navegar por la p\u00e1gina web de ITALMAR 3000, SL, todas las condiciones de uso que se establecen sin perjudicar la aplicaci\u00f3n de la correspondiente normativa de obligado cumplimiento legal seg\u00fan el caso. Por eso, si las consideraciones...","protected":false},"author":1,"featured_media":0,"parent":0,"menu_order":0,"comment_status":"closed","ping_status":"closed","template":"","meta":{"footnotes":""},"class_list":["post-1160","page","type-page","status-publish","hentry"],"_links":{"self":[{"href":"https:\/\/italmar.net\/es\/wp-json\/wp\/v2\/pages\/1160","targetHints":{"allow":["GET"]}}],"collection":[{"href":"https:\/\/italmar.net\/es\/wp-json\/wp\/v2\/pages"}],"about":[{"href":"https:\/\/italmar.net\/es\/wp-json\/wp\/v2\/types\/page"}],"author":[{"embeddable":true,"href":"https:\/\/italmar.net\/es\/wp-json\/wp\/v2\/users\/1"}],"replies":[{"embeddable":true,"href":"https:\/\/italmar.net\/es\/wp-json\/wp\/v2\/comments?post=1160"}],"version-history":[{"count":7,"href":"https:\/\/italmar.net\/es\/wp-json\/wp\/v2\/pages\/1160\/revisions"}],"predecessor-version":[{"id":1418,"href":"https:\/\/italmar.net\/es\/wp-json\/wp\/v2\/pages\/1160\/revisions\/1418"}],"wp:attachment":[{"href":"https:\/\/italmar.net\/es\/wp-json\/wp\/v2\/media?parent=1160"}],"curies":[{"name":"wp","href":"https:\/\/api.w.org\/{rel}","templated":true}]}}