{"id":1158,"date":"2023-06-07T13:38:47","date_gmt":"2023-06-07T11:38:47","guid":{"rendered":"https:\/\/italmar.net\/privacy-policy\/"},"modified":"2023-11-27T12:39:08","modified_gmt":"2023-11-27T11:39:08","slug":"privacy-policy","status":"publish","type":"page","link":"https:\/\/italmar.net\/es\/privacy-policy\/","title":{"rendered":"Pol\u00edtica de privacidad"},"content":{"rendered":"<section class=\"wpb-content-wrapper\"><section data-vc-full-width=\"true\" data-vc-full-width-init=\"false\" class=\"vc_row wpb_row vc_row-fluid  vc_custom_1701084437856 top-space pofo-stretch-content pofo-stretch-row-container vc_row-o-equal-height vc_row-o-content-middle vc_row-flex\"><div class=\"wpb_column vc_column_container vc_col-sm-6  col-xs-mobile-fullwidth\"><div class=\"vc_column-inner \"><div class=\"wpb_wrapper\">[vc_custom_heading source=\u00bbpost_title\u00bb font_container=\u00bbtag:h1|font_size:40px|text_align:left|line_height:45px\u00bb use_theme_fonts=\u00bbyes\u00bb][vc_separator color=\u00bbcustom\u00bb align=\u00bbalign_left\u00bb border_width=\u00bb2&#8243; el_width=\u00bb30&#8243; accent_color=\u00bb#092a60&#8243;]<\/div><\/div><\/div><div class=\"wpb_column vc_column_container vc_col-sm-6  col-xs-mobile-fullwidth\"><div class=\"vc_column-inner \"><div class=\"wpb_wrapper\">[vc_single_image image=\u00bb507&#8243; img_size=\u00bb210&#215;42&#8243; alignment=\u00bbright\u00bb]<\/div><\/div><\/div><\/section><div class=\"vc_row-full-width vc_clearfix\"><\/div><section data-vc-full-width=\"true\" data-vc-full-width-init=\"false\" class=\"vc_row wpb_row vc_row-fluid   pofo-stretch-content pofo-stretch-row-container\"><div class=\"wpb_column vc_column_container vc_col-has-fill  col-xs-mobile-fullwidth pofo-column-responsive-69eb59edf0f5c\"><div class=\"vc_column-inner vc_custom_1686138100921\"><div class=\"wpb_wrapper\"><div class=\"last-paragraph-no-margin\"><p><strong>1. POL\u00cdTICA DE ENLACES Y EXENCIONES DE RESPONSABILIDAD<\/strong><\/p>\n<p><b>ITALMAR 3000, SL<\/b> no se hace responsable del contenido de las p\u00e1ginas web a las que pueda acceder el usuario a trav\u00e9s de los enlaces establecidos en sus sitios web y declara que en ning\u00fan caso examinar\u00e1 ni ejercitar\u00e1 ning\u00fan tipo de control sobre el contenido de otras p\u00e1ginas de la red.<br \/>\nAsimismo, tampoco garantiza la disponibilidad t\u00e9cnica, exactitud, veracidad, validez o legalidad de p\u00e1ginas ajenas a su propiedad a las que se pueda acceder a trav\u00e9s de los enlaces de esta web.<br \/>\n<b>ITALMAR 3000, SL<\/b> declara que ha adoptado todas las medidas necesarias para evitar cualquier da\u00f1o que pueda derivarse de la navegaci\u00f3n por su p\u00e1gina web. En consecuencia, <b>ITALMAR 3000, SL<\/b> no se hace responsable, en ning\u00fan caso, de los eventuales da\u00f1os que pueda sufrir el usuario a causa de la navegaci\u00f3n por Internet.<br \/>\n<b>ITALMAR 3000, SL<\/b> no se responsabiliza de los da\u00f1os o perjuicios de cualquier tipo producidos en el Usuario que traigan causa de fallos o desconexiones en las redes de telecomunicaciones que produzcan la suspensi\u00f3n, cancelaci\u00f3n, instalaci\u00f3n o interrupci\u00f3n del servicio de la web durante la prestaci\u00f3n del mismo o con car\u00e1cter previo.<br \/>\nEl acceso a la web <strong>https:\/\/italmar.net\/<\/strong> no implica la obligaci\u00f3n por parte de la entidad de controlar la ausencia de virus o cualquier otro elemento inform\u00e1tico da\u00f1ino. Corresponde al Usuario, en todo caso, la disponibilidad de herramientas adecuadas para la detecci\u00f3n y desinfecci\u00f3n y protecci\u00f3n de programas inform\u00e1ticos da\u00f1inos.<br \/>\n<b>ITALMAR 3000, SL<\/b> no se responsabiliza de los da\u00f1os producidos en los equipos inform\u00e1ticos, documentos y\/o ficheros de los Usuarios o de terceros durante la prestaci\u00f3n del servicio en este Portal web.<\/p>\n<p><strong>2. PUBLICIDAD<\/strong><\/p>\n<p>La web <strong>https:\/\/italmar.net\/<\/strong> podr\u00e1 alojar contenidos publicitarios o patrocinados. Los anunciantes o patrocinadores son los \u00fanicos responsables de asegurarse que el material remitido para su inclusi\u00f3n en la web cumple con las leyes que en cada caso puedan ser de aplicaci\u00f3n.<br \/>\n<b>ITALMAR 3000, SL<\/b> no ser\u00e1 responsable de cualquier error, inexactitud o irregularidad que puedan contener los contenidos publicitarios o de los patrocinadores en esta web.<\/p>\n<p><strong>3. MODIFICACIONES<\/strong><\/p>\n<p><b>ITALMAR 3000, SL<\/b> se reserva el derecho a realizar las modificaciones que considere oportunas, sin aviso previo, en el contenido de su sitio web, tanto en cuanto a los contenidos como por sus condiciones de uso o por las condiciones generales de contrataci\u00f3n. Dichas modificaciones podr\u00e1n realizarse, a trav\u00e9s de sus sitios web, de cualquier forma admisible en derecho y ser\u00e1n de obligado cumplimiento durante el tiempo que est\u00e9n publicadas en la web y hasta que no sean modificadas por otras posteriores.<\/p>\n<p><strong>4. PROPIEDAD INTELECTUAL<\/strong><\/p>\n<p>Los derechos de propiedad intelectual e industrial derivados de todos los textos, im\u00e1genes, as\u00ed como de los medios y formas de presentaci\u00f3n y montaje de sus p\u00e1ginas pertenecen, por s\u00ed mismos o como cesionaria, a <b>ITALMAR 3000, SL<\/b>.<br \/>\nSer\u00e1n, por tanto, obras protegidas con propiedad intelectual por el ordenamiento jur\u00eddico espa\u00f1ol y se les podr\u00e1 aplicar tanto la normativa espa\u00f1ola y comunitaria en este campo, como los tratados internacionales relativos a la materia y suscritos por Espa\u00f1a, Real Decreto Legislativo 1\/1996, \u00faltima actualizaci\u00f3n, 30\/03\/2023.<br \/>\nDirectiva-UE-2019\/790 del Parlamento Europeo y del Consejo de 17 de abril de 2019 sobre los derechos de autor y derechos afines en el mercado \u00fanico digital.<br \/>\nTodos los derechos reservados. En cumplimiento de la Ley de la Propiedad Intelectual se proh\u00edbe expresamente la reproducci\u00f3n, distribuci\u00f3n, comunicaci\u00f3n p\u00fablica y utilizaci\u00f3n de la totalidad o parte de los contenidos de sus p\u00e1ginas web sin el consentimiento expl\u00edcito de <b>ITALMAR 3000, SL<\/b>.<br \/>\nAs\u00ed mismo, <b>ITALMAR 3000, SL<\/b> se reserva la facultad de presentar las acciones civiles o penales que considere oportunas por la utilizaci\u00f3n indebida de sus p\u00e1ginas web y contenidos o por el incumplimiento de estas condiciones.<\/p>\n<p><strong>5. ACCIONES LEGAL, LEGISLACI\u00d3N APLICABLE Y JURISDICCI\u00d3N<\/strong><\/p>\n<p>La relaci\u00f3n entre los usuarios y <b>ITALMAR 3000, SL<\/b> se regir\u00e1 por la normativa espa\u00f1ola vigente y ser\u00e1n competentes para decidir sobre cualquier controversia que pueda surgir entre el usuario y <b>ITALMAR 3000, SL<\/b>, los juzgados o tribunales del Partido Judicial de la localidad de <strong>BARCELONA<\/strong>.<\/p>\n<p><strong>6. RESERVA DE COOKIES<\/strong><\/p>\n<p><b>ITALMAR 3000, SL<\/b> utiliza cookies y otras tecnolog\u00edas similares que almacenan y recuperan informaci\u00f3n cuando navegas. Estas tecnolog\u00edas pueden servir para finalidades diversas, como reconocer a un usuario y obtener informaci\u00f3n de sus h\u00e1bitos de navegaci\u00f3n. Los usos concretos que hacemos de estas tecnolog\u00edas se describen en la informaci\u00f3n de la Pol\u00edtica de Cookies. Siguiendo la pol\u00edtica de protecci\u00f3n de datos de la entidad, <b>ITALMAR 3000, SL<\/b> informa que las cookies se asocian al usuario an\u00f3nimo y a su ordenador y no proporcionan por s\u00ed mismas los datos personales del usuario.<br \/>\nLa informaci\u00f3n de nuestra \u2018pol\u00edtica de cookies\u2019 informa al usuario del tiempo que estas cookies permanecer\u00e1n activas en el terminal del usuario y de la posibilidad de que terceros tengan acceso a la informaci\u00f3n que \u00e9stas almacenan. Por ello se modific\u00f3 el art\u00edculo 5, apartado 3, de la Directiva 2002\/58 por la Directiva 2009\/136, y ahora por la Gu\u00eda de la AEPD.<br \/>\nLa \u00faltima Gu\u00eda sobre el uso de cookies de la AEPD de julio de 2023, que incorpora el criterio del Comit\u00e9 Europeo en Protecci\u00f3n de Datos (CEPD), que recoge las acciones de aceptar o rechazar las cookies, ambas acciones deben estar al mismo nivel, sin que sea m\u00e1s complicado rechazarlas o aceptarlas, el usuario tiene la posibilidad de aceptar o rechazar expl\u00edcitamente el uso de las cookies y recibir m\u00e1s informaci\u00f3n de las mismas. Adicionalmente, el Usuario tiene la posibilidad de configurar su navegador de manera que sea informado de la recepci\u00f3n de cookies, con la posibilidad, si as\u00ed lo desea, de impedir que se instalen en su disco duro.<\/p>\n<p><strong>7. POLITICA DE PRIVACIDAD<\/strong><\/p>\n<p>De conformidad con lo establecido por RGPD-UE-2016\/679, la LOPD 3\/2018, de Garant\u00eda de los Derechos Digitales, la Ley 34\/2002, con la \u00faltima actualizaci\u00f3n, 09\/05\/2023, de Servicios de la Sociedad de la Informaci\u00f3n y el Comercio Electr\u00f3nico, y la Ley 11\/2022, General de Telecomunicaciones, <b>ITALMAR 3000, SL<\/b> informa a los usuarios de sus websites de que estamos obligados a guardar secreto profesional sobre los datos personales recabados por la entidad mediante los formularios de registro o contacto en sus p\u00e1ginas. Esta obligaci\u00f3n continuar\u00e1 incluso despu\u00e9s de haber finalizado nuestra relaci\u00f3n comercial o contractual, y en ning\u00fan caso podremos hacer p\u00fablicos los datos personales de los visitantes y clientes a la web sin su consentimiento.<\/p>\n<p><strong>Consentimiento del menor:<\/strong> Seg\u00fan el art\u00edculo 6 apartado f, y el art\u00edculo 8, apartado 1, del RGPD-UE-2016\/679, y por la LOPD-3\/2018, de Garant\u00eda de los Derechos Digitales en su art\u00edculo 84, (protecci\u00f3n de los menores en Interne), exponen que cuando el interesado sea un menor de 16 a\u00f1os, no podr\u00e1 prestar su consentimiento para que un comercio online recoja sus datos personales, tal tratamiento \u00fanicamente se considerar\u00e1 l\u00edcito si el consentimiento lo dio o autoriz\u00f3 el titular o titulares de la patria potestad o tutela sobre el menor, deben disponer de los medios para obtener el consentimiento expl\u00edcito de sus padres o tutores; por ejemplo, mediante un mensaje de correo electr\u00f3nico dirigido a alguno de ellos que contenga un enlace a un formulario electr\u00f3nico, salvo que el menor tenga como m\u00ednimo 16 a\u00f1os cumplidos que ser\u00e1 licito su consentimiento.<\/p>\n<p><strong>Consentimiento de los interesados:<\/strong> De acuerdo con lo establecido en la Ley 34\/2002, de Servicios de la Sociedad de la Informaci\u00f3n y el Comercio Electr\u00f3nico en su art\u00edculo 21, y por el RGPD-UE-2016\/679, art\u00edculos, 5, 6, 7 y 13, pedimos su consentimiento para poder realizar comunicaciones publicitarias o informaci\u00f3n de nuestra entidad que consideremos puedan ser de su inter\u00e9s, por correo electr\u00f3nico o por cualquier otro medio de comunicaci\u00f3n electr\u00f3nica equivalente. Este consentimiento lo otorgar\u00e1, o no, mediante la aceptaci\u00f3n de la Pol\u00edtica de Privacidad en el citado <strong>check o Bot\u00f3n,<\/strong> al pie del formulario de registro y\/o contacto.<\/p>\n<p>Estos datos, ser\u00e1n introducidos en un fichero automatizado bajo la responsabilidad del administrador de la web de <b>ITALMAR 3000, SL<\/b> con la finalidad de poder facilitar, agilizar y cumplir los compromisos establecidos entre ambas partes. Asimismo, <b>ITALMAR 3000, SL<\/b> informa de la posibilidad de ejercer los derechos de <strong>acceso<\/strong>, que permite al usuario web, conocer que datos personales tiene el administrador de esta p\u00e1gina y en tal caso contestara en un plazo de 30 d\u00edas, siempre que conserven los datos personales, <strong>rectificaci\u00f3n<\/strong>, que permite corregir errores en los datos personales, modificar los que sean inexactos o incompletos y garantizar la certeza de la informaci\u00f3n, <strong>oposici\u00f3n<\/strong> que podr\u00e1 solicitar y conseguir que no lleve a cabo el tratamiento de datos, <strong>supresi\u00f3n<\/strong> que permite que se supriman los datos inadecuados o excesivos, <strong>limitaci\u00f3n<\/strong>, por el que puede solicitar que se limite el tratamiento de sus datos cuando haya ejercido su derecho a la rectificaci\u00f3n de sus datos personales, y <strong>portabilidad<\/strong>, para que el usuario pueda obtener una copia de los datos personales que haya facilitado en la web a fin de poder transmitirlos a otros servicios, estos derechos se podr\u00e1n ejercer por cualquier medio que deje constancia de su env\u00edo y de su recepci\u00f3n a la direcci\u00f3n del administrador de esta web o al Correo electr\u00f3nico <a href=\"mailto:italmar@italmar.net\">italmar@italmar.net<\/a>, \u200b\u200baportando fotocopia del DNI o documentaci\u00f3n alternativa que acredite su identidad. Los interesados podr\u00e1n presentar reclamaci\u00f3n ante la Autoridad de Control, AEPD, ACPD y AVPD.<br \/>\nEl env\u00edo de sus datos mediante el\/los formularios de nuestra web estar\u00e1 supeditado obligatoriamente a que haya le\u00eddo\/aceptado la Pol\u00edtica de Privacidad, mediante un check box obligatorio al pie del formulario de registro o contacto.<\/p>\n<p><strong>8. CERTIFICADOS DE LSSI-CE Y PROTECCI\u00d3N DE DATOS<\/strong><\/p>\n<p>Para la adecuaci\u00f3n de la p\u00e1gina web <strong>https:\/\/italmar.net\/<\/strong>, de <b>ITALMAR 3000, SL<\/b> ha sido asesorada en las normativas de protecci\u00f3n de datos y LSSI-CE por <span style=\"color: #2183c4;\"><strong>GRUP QUALIA<\/strong><\/span>, hecho por el cual se le otorga un certificado en formato de imagen digital para que pueda exponerlo en esta p\u00e1gina web.<\/p>\n<p><strong>Actualizada: 21\/11\/2023.<\/strong><\/p>\n<\/div><\/div><\/div><\/div><\/section><div class=\"vc_row-full-width vc_clearfix\"><\/div>\n<\/section>","protected":false},"excerpt":{"rendered":"[vc_custom_heading source=\"post_title\" font_container=\"tag:h1|font_size:40px|text_align:left|line_height:45px\" use_theme_fonts=\"yes\"][vc_separator color=\"custom\" align=\"align_left\" border_width=\"2\" el_width=\"30\" accent_color=\"#092a60\"][vc_single_image image=\"507\" img_size=\"210x42\" alignment=\"right\"]1. POL\u00cdTICA DE ENLACES Y EXENCIONES DE RESPONSABILIDAD ITALMAR 3000, SL no se hace responsable del contenido de las p\u00e1ginas web a las que pueda acceder el usuario a trav\u00e9s de los enlaces establecidos en sus sitios web y declara que en ning\u00fan caso examinar\u00e1 ni ejercitar\u00e1 ning\u00fan tipo de control sobre el contenido de otras p\u00e1ginas de la red. Asimismo, tampoco garantiza la disponibilidad t\u00e9cnica, exactitud, veracidad, validez o legalidad de p\u00e1ginas ajenas a su propiedad a las que se pueda acceder a trav\u00e9s de los enlaces de esta web. ITALMAR 3000, SL declara que ha adoptado todas las medidas necesarias para evitar cualquier da\u00f1o que pueda derivarse de la navegaci\u00f3n por su p\u00e1gina web. En consecuencia, ITALMAR 3000, SL no se hace responsable, en ning\u00fan caso, de los eventuales da\u00f1os que pueda sufrir el usuario a causa de la navegaci\u00f3n por Internet. ITALMAR 3000, SL no se responsabiliza de los da\u00f1os o perjuicios de cualquier tipo producidos en el Usuario que traigan causa de fallos o desconexiones en las redes de telecomunicaciones que produzcan la suspensi\u00f3n, cancelaci\u00f3n, instalaci\u00f3n o interrupci\u00f3n del servicio de la web durante la...","protected":false},"author":1,"featured_media":0,"parent":0,"menu_order":0,"comment_status":"closed","ping_status":"closed","template":"","meta":{"footnotes":""},"class_list":["post-1158","page","type-page","status-publish","hentry"],"_links":{"self":[{"href":"https:\/\/italmar.net\/es\/wp-json\/wp\/v2\/pages\/1158","targetHints":{"allow":["GET"]}}],"collection":[{"href":"https:\/\/italmar.net\/es\/wp-json\/wp\/v2\/pages"}],"about":[{"href":"https:\/\/italmar.net\/es\/wp-json\/wp\/v2\/types\/page"}],"author":[{"embeddable":true,"href":"https:\/\/italmar.net\/es\/wp-json\/wp\/v2\/users\/1"}],"replies":[{"embeddable":true,"href":"https:\/\/italmar.net\/es\/wp-json\/wp\/v2\/comments?post=1158"}],"version-history":[{"count":13,"href":"https:\/\/italmar.net\/es\/wp-json\/wp\/v2\/pages\/1158\/revisions"}],"predecessor-version":[{"id":1421,"href":"https:\/\/italmar.net\/es\/wp-json\/wp\/v2\/pages\/1158\/revisions\/1421"}],"wp:attachment":[{"href":"https:\/\/italmar.net\/es\/wp-json\/wp\/v2\/media?parent=1158"}],"curies":[{"name":"wp","href":"https:\/\/api.w.org\/{rel}","templated":true}]}}