{"id":1147,"date":"2023-04-27T11:03:54","date_gmt":"2023-04-27T09:03:54","guid":{"rendered":"https:\/\/italmar.net\/contact\/"},"modified":"2025-04-11T08:16:42","modified_gmt":"2025-04-11T06:16:42","slug":"contacto","status":"publish","type":"page","link":"https:\/\/italmar.net\/es\/contacto\/","title":{"rendered":"Contacto"},"content":{"rendered":"<section class=\"wpb-content-wrapper\"><section data-vc-full-width=\"true\" data-vc-full-width-init=\"false\" class=\"vc_row wpb_row vc_row-fluid   pofo-stretch-content pofo-stretch-row-container\"><div class=\"wpb_column vc_column_container  col-xs-mobile-fullwidth\"><div class=\"vc_column-inner \"><div class=\"wpb_wrapper\">[vc_custom_heading text=\u00bbCubriendo todos los puertos a nivel mundial\u00bb font_container=\u00bbtag:h4|text_align:left\u00bb use_theme_fonts=\u00bbyes\u00bb css=\u00bb.vc_custom_1744352087796{margin-bottom: 0px !important;}\u00bb][vc_custom_heading text=\u00bbCon oficinas locales en varios pa\u00edses\u00bb font_container=\u00bbtag:h5|text_align:left\u00bb use_theme_fonts=\u00bbyes\u00bb el_class=\u00bbthin-font\u00bb css=\u00bb.vc_custom_1744352113749{margin-top: 0px !important;}\u00bb]<\/div><\/div><\/div><\/section><div class=\"vc_row-full-width vc_clearfix\"><\/div><section data-vc-full-width=\"true\" data-vc-full-width-init=\"false\" class=\"vc_row wpb_row vc_row-fluid  vc_custom_1685615506967 vc_row-has-fill pofo-stretch-content pofo-stretch-row-container vc_row-o-equal-height vc_row-flex\"><div class=\"wpb_column vc_column_container vc_col-sm-6  col-xs-mobile-fullwidth text-right md-text-left sm-text-right xs-text-left\"><div class=\"vc_column-inner vc_custom_1685615603959\"><div class=\"wpb_wrapper\">[vc_empty_space]<div class=\"last-paragraph-no-margin\"><p><i>Nos complace confirmar que estamos localizables 24 horas al d\u00eda, 7 d\u00edas a la semana.<\/i><\/p>\n<\/div>[vc_empty_space]<div class=\"last-paragraph-no-margin\"><p><strong>Direcci\u00f3n:<\/strong> Ronda Sant Pere, 19-21 7\u00ba 5\u00aa<br \/>\nBarcelona, 08010.<\/p>\n<\/div>[vc_empty_space]<div class=\"last-paragraph-no-margin\"><p><strong>Tel\u00e9fono:<\/strong> <a href=\"tel:+34932688270\">+34 932 688 270<\/a><\/p>\n<p><strong>E-mail:<\/strong>\u00a0<a href=\"mailto:italmar@italmar.net\">italmar@italmar.net<\/a><\/p>\n<\/div>[vc_empty_space]<\/div><\/div><\/div><div class=\"wpb_column vc_column_container vc_col-has-fill vc_col-sm-6  col-xs-mobile-fullwidth\"><div class=\"vc_column-inner bg-position-center-bottom vc_custom_1685615572007\"><div class=\"wpb_wrapper\">[vc_empty_space height=\u00bb256px\u00bb]<\/div><\/div><\/div><\/section><div class=\"vc_row-full-width vc_clearfix\"><\/div>\n<\/section>","protected":false},"excerpt":{"rendered":"[vc_custom_heading text=\"Cubriendo todos los puertos a nivel mundial\" font_container=\"tag:h4|text_align:left\" use_theme_fonts=\"yes\" css=\".vc_custom_1744352087796{margin-bottom: 0px !important;}\"][vc_custom_heading text=\"Con oficinas locales en varios pa\u00edses\" font_container=\"tag:h5|text_align:left\" use_theme_fonts=\"yes\" el_class=\"thin-font\" css=\".vc_custom_1744352113749{margin-top: 0px !important;}\"][vc_empty_space]Nos complace confirmar que estamos localizables 24 horas al d\u00eda, 7 d\u00edas a la semana. [vc_empty_space]Direcci\u00f3n: Ronda Sant Pere, 19-21 7\u00ba 5\u00aa Barcelona, 08010. [vc_empty_space]Tel\u00e9fono: +34 932 688 270 E-mail:\u00a0italmar@italmar.net [vc_empty_space][vc_empty_space height=\"256px\"]","protected":false},"author":1,"featured_media":0,"parent":0,"menu_order":0,"comment_status":"closed","ping_status":"closed","template":"","meta":{"footnotes":""},"class_list":["post-1147","page","type-page","status-publish","hentry"],"_links":{"self":[{"href":"https:\/\/italmar.net\/es\/wp-json\/wp\/v2\/pages\/1147","targetHints":{"allow":["GET"]}}],"collection":[{"href":"https:\/\/italmar.net\/es\/wp-json\/wp\/v2\/pages"}],"about":[{"href":"https:\/\/italmar.net\/es\/wp-json\/wp\/v2\/types\/page"}],"author":[{"embeddable":true,"href":"https:\/\/italmar.net\/es\/wp-json\/wp\/v2\/users\/1"}],"replies":[{"embeddable":true,"href":"https:\/\/italmar.net\/es\/wp-json\/wp\/v2\/comments?post=1147"}],"version-history":[{"count":5,"href":"https:\/\/italmar.net\/es\/wp-json\/wp\/v2\/pages\/1147\/revisions"}],"predecessor-version":[{"id":1472,"href":"https:\/\/italmar.net\/es\/wp-json\/wp\/v2\/pages\/1147\/revisions\/1472"}],"wp:attachment":[{"href":"https:\/\/italmar.net\/es\/wp-json\/wp\/v2\/media?parent=1147"}],"curies":[{"name":"wp","href":"https:\/\/api.w.org\/{rel}","templated":true}]}}