{"id":1135,"date":"2023-05-22T16:21:56","date_gmt":"2023-05-22T14:21:56","guid":{"rendered":"https:\/\/italmar.net\/history\/"},"modified":"2023-06-28T10:29:33","modified_gmt":"2023-06-28T08:29:33","slug":"historia","status":"publish","type":"page","link":"https:\/\/italmar.net\/es\/historia\/","title":{"rendered":"Historia de la empresa"},"content":{"rendered":"<section class=\"wpb-content-wrapper\"><section data-vc-full-width=\"true\" data-vc-full-width-init=\"false\" data-vc-stretch-content=\"true\" class=\"vc_row wpb_row vc_row-fluid  vc_custom_1686227161872 pofo-stretch-content vc_row-no-padding vc_row-o-equal-height vc_row-o-content-top vc_row-flex\"><div class=\"wpb_column vc_column_container vc_col-has-fill vc_col-sm-4  col-xs-mobile-fullwidth\"><div class=\"vc_column-inner vc_custom_1684843437271\"><div class=\"wpb_wrapper\">[vc_empty_space height=\u00bb64px\u00bb][vc_single_image image=\u00bb357&#8243; img_size=\u00bbfull\u00bb onclick=\u00bblink_image\u00bb][vc_empty_space]<div class=\"last-paragraph-no-margin\"><p><strong>Piero Stracquadanio<\/strong><br \/>\n&#8211; Fundador<\/p>\n<p>Piero Stracquadanio, nacido en una peque\u00f1a ciudad costera de Sicilia, Italia, fue un apasionado emprendedor del mar. Desde joven, demostr\u00f3 un gran amor por el oc\u00e9ano y los barcos, lo que lo llev\u00f3 a embarcarse como capit\u00e1n en buques mercantes y cruceros.<\/p>\n<p>Su involucraci\u00f3n en la buena relaci\u00f3n entre Espa\u00f1a e Italia lo llev\u00f3 a ser el vicec\u00f3nsul de Italia en Tarragona desde 1997. Adem\u00e1s, en el a\u00f1o 2000, se uni\u00f3 al Consejo Directivo de la C\u00e1mara de Comercio Italiana de Barcelona, donde ocup\u00f3 el cargo de presidente de la Comisi\u00f3n Comercial.<\/p>\n<p>Su dedicaci\u00f3n y contribuci\u00f3n a la comunidad no pasaron desapercibidas, ya que en 2001 y 2007 fue nombrado ciudadano honorario de Pozzallo, su ciudad natal. Sin embargo, en 2008, Piero Stracquadanio falleci\u00f3, dejando un legado invaluable.<\/p>\n<p>Despu\u00e9s de su fallecimiento, su hijo Angelo Stracquadanio asumi\u00f3 el liderazgo de la agencia mar\u00edtima Italmar.<\/p>\n<p>La vida de Piero Stracquadanio estuvo marcada por su pasi\u00f3n por el mar, su involucraci\u00f3n en las relaciones internacionales y el legado que dej\u00f3 a trav\u00e9s de su hijo. Su esp\u00edritu emprendedor y su compromiso con la excelencia contin\u00faan inspirando a quienes lo conocieron y trabajaron junto a \u00e9l.<\/p>\n<\/div>[vc_empty_space height=\u00bb64px\u00bb]<\/div><\/div><\/div><div class=\"wpb_column vc_column_container vc_col-sm-8  col-xs-mobile-fullwidth\"><div class=\"vc_column-inner vc_custom_1686563386853\"><div class=\"wpb_wrapper\">[vc_empty_space height=\u00bb64px\u00bb]<div class=\"last-paragraph-no-margin\">\r\n<div id=\"twp-282\" class=\"style-one\">\r\n            <div id=\"twp-telement-0\" class=\"timeline\">\r\n           \r\n            <div class=\"timeline-content\">\r\n                <div class=\"circle\">\r\n                    <span>\r\n                                                    <img decoding=\"async\" src=\"https:\/\/italmar.net\/wp-content\/uploads\/2023\/05\/Italmar_history_01-256x256.jpg \" > \r\n                                            <\/span>\r\n                <\/div>\r\n                <div class=\"content\">\r\n                    <span class=\"year\">2001<\/span>                    <h4 class=\"title\">Creaci\u00f3n de la compa\u00f1\u00eda<\/h4>                    <div class=\"description\">En Enero de 2001 se crea la compa\u00f1\u00eda de ITALMAR. Teniendo su primera oficina en el coraz\u00f3n de Barcelona. \r\n<\/div>                    <div class=\"icon\">\r\n                        <span><\/span>\r\n                    <\/div>\r\n                <\/div>\r\n            <\/div>\r\n       \r\n        <\/div>\r\n            <div id=\"twp-telement-1\" class=\"timeline\">\r\n           \r\n            <div class=\"timeline-content\">\r\n                <div class=\"circle\">\r\n                    <span>\r\n                                                    <img decoding=\"async\" src=\"https:\/\/italmar.net\/wp-content\/uploads\/2023\/06\/Piero_2005-256x256.jpg \" > \r\n                                            <\/span>\r\n                <\/div>\r\n                <div class=\"content\">\r\n                    <span class=\"year\">2005<\/span>                    <h4 class=\"title\">Italmar agente internacional<\/h4>                    <div class=\"description\">En 2005  El Grupo ITALMAR pasa a ser nominada como agente general Internacional, ofreciendo servicios a nivel mundial, y bate su r\u00e9cord de servicio a buques. \r\n<\/div>                    <div class=\"icon\">\r\n                        <span><\/span>\r\n                    <\/div>\r\n                <\/div>\r\n            <\/div>\r\n       \r\n        <\/div>\r\n            <div id=\"twp-telement-2\" class=\"timeline\">\r\n           \r\n            <div class=\"timeline-content\">\r\n                <div class=\"circle\">\r\n                    <span>\r\n                                                    <img decoding=\"async\" src=\"https:\/\/italmar.net\/wp-content\/uploads\/2023\/05\/Sardinia-cagliari-256x256.jpg \" > \r\n                                            <\/span>\r\n                <\/div>\r\n                <div class=\"content\">\r\n                    <span class=\"year\">2007<\/span>                    <h4 class=\"title\">Apertura de Sardinia<\/h4>                    <div class=\"description\">En 2007 El Grupo ITALMAR abre su segunda oficina en Sardinia, Italia. \r\n<\/div>                    <div class=\"icon\">\r\n                        <span><\/span>\r\n                    <\/div>\r\n                <\/div>\r\n            <\/div>\r\n       \r\n        <\/div>\r\n            <div id=\"twp-telement-3\" class=\"timeline\">\r\n           \r\n            <div class=\"timeline-content\">\r\n                <div class=\"circle\">\r\n                    <span>\r\n                                                    <img decoding=\"async\" src=\"https:\/\/italmar.net\/wp-content\/uploads\/2023\/06\/italmar_imagotipo_01-256x256.jpg \" > \r\n                                            <\/span>\r\n                <\/div>\r\n                <div class=\"content\">\r\n                    <span class=\"year\">2015<\/span>                    <h4 class=\"title\">Cambio de im\u00e1gen<\/h4>                    <div class=\"description\">En 2015 la compa\u00f1\u00eda cambia su imagen corporativa, cambiando el Logo de ITALMAR GROUP.\r\n<\/div>                    <div class=\"icon\">\r\n                        <span><\/span>\r\n                    <\/div>\r\n                <\/div>\r\n            <\/div>\r\n       \r\n        <\/div>\r\n            <div id=\"twp-telement-4\" class=\"timeline\">\r\n           \r\n            <div class=\"timeline-content\">\r\n                <div class=\"circle\">\r\n                    <span>\r\n                                                    <img decoding=\"async\" src=\"https:\/\/italmar.net\/wp-content\/uploads\/2023\/06\/Italmar_history_Malta02-256x256.jpg \" > \r\n                                            <\/span>\r\n                <\/div>\r\n                <div class=\"content\">\r\n                    <span class=\"year\">2019<\/span>                    <h4 class=\"title\">Apertura Malta<\/h4>                    <div class=\"description\">En 2019 Italmar Group abre su tercera oficina en Malta.<\/div>                    <div class=\"icon\">\r\n                        <span><\/span>\r\n                    <\/div>\r\n                <\/div>\r\n            <\/div>\r\n       \r\n        <\/div>\r\n            <div id=\"twp-telement-5\" class=\"timeline\">\r\n           \r\n            <div class=\"timeline-content\">\r\n                <div class=\"circle\">\r\n                    <span>\r\n                                                    <img decoding=\"async\" src=\"https:\/\/italmar.net\/wp-content\/uploads\/2023\/05\/Amphitheater-Tarragona_02-256x256.jpg \" > \r\n                                            <\/span>\r\n                <\/div>\r\n                <div class=\"content\">\r\n                    <span class=\"year\">2021<\/span>                    <h4 class=\"title\">Apertura Tarragona<\/h4>                    <div class=\"description\">En 2021 Italmar Group abre oficina en el puerto de Tarragona.<\/div>                    <div class=\"icon\">\r\n                        <span><\/span>\r\n                    <\/div>\r\n                <\/div>\r\n            <\/div>\r\n       \r\n        <\/div>\r\n            <div id=\"twp-telement-6\" class=\"timeline\">\r\n           \r\n            <div class=\"timeline-content\">\r\n                <div class=\"circle\">\r\n                    <span>\r\n                                                    <img decoding=\"async\" src=\"https:\/\/italmar.net\/wp-content\/uploads\/2023\/05\/Algeciras_02-256x256.jpg \" > \r\n                                            <\/span>\r\n                <\/div>\r\n                <div class=\"content\">\r\n                    <span class=\"year\">2022<\/span>                    <h4 class=\"title\">Apertura Algeciras<\/h4>                    <div class=\"description\">En 2022 Italmar Group abre oficina en el puerto de Algeciras.<\/div>                    <div class=\"icon\">\r\n                        <span><\/span>\r\n                    <\/div>\r\n                <\/div>\r\n            <\/div>\r\n       \r\n        <\/div>\r\n            <div id=\"twp-telement-7\" class=\"timeline\">\r\n           \r\n            <div class=\"timeline-content\">\r\n                <div class=\"circle\">\r\n                    <span>\r\n                                                    <img decoding=\"async\" src=\"https:\/\/italmar.net\/wp-content\/uploads\/2023\/05\/naples-12269-256x256.jpg \" > \r\n                                            <\/span>\r\n                <\/div>\r\n                <div class=\"content\">\r\n                    <span class=\"year\">2023<\/span>                    <h4 class=\"title\">Apertura Livorno y N\u00e1poles<\/h4>                    <div class=\"description\">En 2023 Italmar Group abre oficina en el puerto de Livorno y N\u00e1poles.<\/div>                    <div class=\"icon\">\r\n                        <span><\/span>\r\n                    <\/div>\r\n                <\/div>\r\n            <\/div>\r\n       \r\n        <\/div>\r\n    <\/div>\r\n\r\n<style>\r\n    #twp-282.style-one:before, #twp-282.style-one .timeline:first-child::before, #twp-282.style-one .icon , #twp-282.style-one .circle , #twp-282.style-one .circle span, #twp-282.style-one .timeline:last-child::before\r\n    {\r\n        border-color:#092a60;\r\n    }#twp-282.style-one .title, #twp-282.style-one .circle span, #twp-282.style-one .description {\r\n        color:#092a60;\r\n    }#twp-282.style-one:before,#twp-282.style-one .circle::before,#twp-282.style-one .icon:before,#twp-282.style-one .timeline .year, #twp-282.style-one .timeline-content::before {\r\n        background-color:#092a60;\r\n    }#twp-282.style-one .title {\r\n        color:#4b4b4d;\r\n    }#twp-282.style-one .title {\r\n        font-size:26px;\r\n    }#twp-282.style-one .title {\r\n        display:none;\r\n    }#twp-282.style-one .timeline .year{\r\n        color:#ffffff;\r\n    }#twp-282.style-one .timeline .year{\r\n        font-size:32px;\r\n    }#twp-282.style-one .description {\r\n        color:#2b2b2d;\r\n    }#twp-282.style-one .description {\r\n        font-size:16px;\r\n    }<\/style>\r\n\r\n\r\n\n<\/div>[vc_empty_space height=\u00bb64px\u00bb]<\/div><\/div><\/div><\/section><div class=\"vc_row-full-width vc_clearfix\"><\/div>\n<\/section>","protected":false},"excerpt":{"rendered":"[vc_empty_space height=\"64px\"][vc_single_image image=\"357\" img_size=\"full\" onclick=\"link_image\"][vc_empty_space]Piero Stracquadanio - Fundador Piero Stracquadanio, nacido en una peque\u00f1a ciudad costera de Sicilia, Italia, fue un apasionado emprendedor del mar. Desde joven, demostr\u00f3 un gran amor por el oc\u00e9ano y los barcos, lo que lo llev\u00f3 a embarcarse como capit\u00e1n en buques mercantes y cruceros. Su involucraci\u00f3n en la buena relaci\u00f3n entre Espa\u00f1a e Italia lo llev\u00f3 a ser el vicec\u00f3nsul de Italia en Tarragona desde 1997. Adem\u00e1s, en el a\u00f1o 2000, se uni\u00f3 al Consejo Directivo de la C\u00e1mara de Comercio Italiana de Barcelona, donde ocup\u00f3 el cargo de presidente de la Comisi\u00f3n Comercial. Su dedicaci\u00f3n y contribuci\u00f3n a la comunidad no pasaron desapercibidas, ya que en 2001 y 2007 fue nombrado ciudadano honorario de Pozzallo, su ciudad natal. Sin embargo, en 2008, Piero Stracquadanio falleci\u00f3, dejando un legado invaluable. Despu\u00e9s de su fallecimiento, su hijo Angelo Stracquadanio asumi\u00f3 el liderazgo de la agencia mar\u00edtima Italmar. La vida de Piero Stracquadanio estuvo marcada por su pasi\u00f3n por el mar, su involucraci\u00f3n en las relaciones internacionales y el legado que dej\u00f3 a trav\u00e9s de su hijo. Su esp\u00edritu emprendedor y su compromiso con la excelencia contin\u00faan inspirando a quienes lo conocieron y trabajaron junto a...","protected":false},"author":1,"featured_media":0,"parent":0,"menu_order":0,"comment_status":"closed","ping_status":"closed","template":"","meta":{"footnotes":""},"class_list":["post-1135","page","type-page","status-publish","hentry"],"_links":{"self":[{"href":"https:\/\/italmar.net\/es\/wp-json\/wp\/v2\/pages\/1135","targetHints":{"allow":["GET"]}}],"collection":[{"href":"https:\/\/italmar.net\/es\/wp-json\/wp\/v2\/pages"}],"about":[{"href":"https:\/\/italmar.net\/es\/wp-json\/wp\/v2\/types\/page"}],"author":[{"embeddable":true,"href":"https:\/\/italmar.net\/es\/wp-json\/wp\/v2\/users\/1"}],"replies":[{"embeddable":true,"href":"https:\/\/italmar.net\/es\/wp-json\/wp\/v2\/comments?post=1135"}],"version-history":[{"count":3,"href":"https:\/\/italmar.net\/es\/wp-json\/wp\/v2\/pages\/1135\/revisions"}],"predecessor-version":[{"id":1280,"href":"https:\/\/italmar.net\/es\/wp-json\/wp\/v2\/pages\/1135\/revisions\/1280"}],"wp:attachment":[{"href":"https:\/\/italmar.net\/es\/wp-json\/wp\/v2\/media?parent=1135"}],"curies":[{"name":"wp","href":"https:\/\/api.w.org\/{rel}","templated":true}]}}