{"id":1100,"date":"2023-06-15T09:50:32","date_gmt":"2023-06-15T07:50:32","guid":{"rendered":"https:\/\/italmar.net\/home\/"},"modified":"2023-06-19T12:25:33","modified_gmt":"2023-06-19T10:25:33","slug":"home","status":"publish","type":"page","link":"https:\/\/italmar.net\/es\/","title":{"rendered":"Home"},"content":{"rendered":"<section class=\"wpb-content-wrapper\"><section data-vc-full-width=\"true\" data-vc-full-width-init=\"false\" data-vc-stretch-content=\"true\" class=\"vc_row wpb_row vc_row-fluid  vc_custom_1685435416106 pofo-stretch-content vc_row-no-padding\"><div class=\"wpb_column vc_column_container vc_col-sm-12  col-xs-mobile-fullwidth\"><div class=\"vc_column-inner \"><div class=\"wpb_wrapper\">\n\t\t\t<!-- START Slider video V3 REVOLUTION SLIDER 6.6.14 --><p class=\"rs-p-wp-fix\"><\/p>\n\t\t\t<rs-module-wrap id=\"rev_slider_4_1_wrapper\" data-source=\"gallery\" style=\"visibility:hidden;background:transparent;padding:0;\">\n\t\t\t\t<rs-module id=\"rev_slider_4_1\" style=\"\" data-version=\"6.6.14\">\n\t\t\t\t\t<rs-slides style=\"overflow: hidden; position: absolute;\">\n\t\t\t\t\t\t<rs-slide style=\"position: absolute;\" data-key=\"rs-6\" data-title=\"Slide\" data-in=\"o:0;\" data-out=\"a:false;\">\n\t\t\t\t\t\t\t<img decoding=\"async\" src=\"\/\/italmar.net\/wp-content\/plugins\/revslider\/public\/assets\/assets\/dummy.png\" alt=\"\" title=\"Video-home-03_6.jpeg\" width=\"1920\" height=\"1440\" class=\"rev-slidebg tp-rs-img rs-lazyload\" data-lazyload=\"\/\/italmar.net\/\/wp-content\/uploads\/revslider\/video-media\/Video-home-03_6.jpeg\" data-no-retina>\n\t\t\t\t\t\t\t<rs-bgvideo \n\t\t\t\t\t\t\t\tdata-video=\"w:100%;h:100%;nse:false;l:true;ptimer:false;vfc:true;\"\n\t\t\t\t\t\t\t\tdata-mp4=\"\/\/italmar.net\/wp-content\/uploads\/2023\/06\/Video-home-03.mp4\"\n\t\t\t\t\t\t\t><\/rs-bgvideo>\n<!--\n\t\t\t\t\t\t\t--><rs-layer\n\t\t\t\t\t\t\t\tid=\"slider-4-slide-6-layer-0\" \n\t\t\t\t\t\t\t\tdata-type=\"text\"\n\t\t\t\t\t\t\t\tdata-tsh=\"h:1px,1px,1px,0px;v:1px,1px,1px,0px;b:2px,2px,2px,0px;\"\n\t\t\t\t\t\t\t\tdata-rsp_ch=\"on\"\n\t\t\t\t\t\t\t\tdata-xy=\"x:c;y:m;\"\n\t\t\t\t\t\t\t\tdata-text=\"w:normal;s:90,90,90,70;l:90,90,90,70;fw:700;a:center;\"\n\t\t\t\t\t\t\t\tdata-vbility=\"t,t,t,f\"\n\t\t\t\t\t\t\t\tdata-basealign=\"slide\"\n\t\t\t\t\t\t\t\tdata-frame_1=\"e:power4.inOut;st:1000;sp:1500;sR:1000;\"\n\t\t\t\t\t\t\t\tdata-frame_999=\"o:0;st:w;sR:6500;\"\n\t\t\t\t\t\t\t\tstyle=\"z-index:7;font-family:'Source Sans Pro';\"\n\t\t\t\t\t\t\t>SHIP OWNER AGENCY \n\t\t\t\t\t\t\t<\/rs-layer><!--\n\n\t\t\t\t\t\t\t--><rs-layer\n\t\t\t\t\t\t\t\tid=\"slider-4-slide-6-layer-1\" \n\t\t\t\t\t\t\t\tdata-type=\"text\"\n\t\t\t\t\t\t\t\tdata-tsh=\"h:1px,1px,1px,0px;v:1px,1px,1px,0px;b:2px,2px,2px,0px;\"\n\t\t\t\t\t\t\t\tdata-rsp_ch=\"on\"\n\t\t\t\t\t\t\t\tdata-xy=\"x:c;y:m;yo:64px,64px,64px,96px;\"\n\t\t\t\t\t\t\t\tdata-text=\"w:normal;s:40,40,40,34;l:40,40,40,36;a:center;\"\n\t\t\t\t\t\t\t\tdata-basealign=\"slide\"\n\t\t\t\t\t\t\t\tdata-frame_1=\"e:power4.inOut;st:2500;sp:1500;sR:2500;\"\n\t\t\t\t\t\t\t\tdata-frame_999=\"o:0;st:w;sR:5000;\"\n\t\t\t\t\t\t\t\tstyle=\"z-index:5;font-family:'Source Sans Pro';\"\n\t\t\t\t\t\t\t>Worldwide Shipping Agency \n\t\t\t\t\t\t\t<\/rs-layer><!--\n\n\t\t\t\t\t\t\t--><rs-layer\n\t\t\t\t\t\t\t\tid=\"slider-4-slide-6-layer-2\" \n\t\t\t\t\t\t\t\tdata-type=\"text\"\n\t\t\t\t\t\t\t\tdata-tsh=\"h:1px,1px,1px,0px;v:1px,1px,1px,0px;b:2px,2px,2px,0px;\"\n\t\t\t\t\t\t\t\tdata-rsp_ch=\"on\"\n\t\t\t\t\t\t\t\tdata-xy=\"x:c;y:m;\"\n\t\t\t\t\t\t\t\tdata-text=\"w:normal;s:90,90,90,70;l:90,90,90,70;fw:700;a:center;\"\n\t\t\t\t\t\t\t\tdata-vbility=\"f,f,f,t\"\n\t\t\t\t\t\t\t\tdata-basealign=\"slide\"\n\t\t\t\t\t\t\t\tdata-frame_1=\"e:power4.inOut;st:1000;sp:1500;sR:1000;\"\n\t\t\t\t\t\t\t\tdata-frame_999=\"o:0;st:w;sR:6500;\"\n\t\t\t\t\t\t\t\tstyle=\"z-index:7;font-family:'Source Sans Pro';\"\n\t\t\t\t\t\t\t>SHIP OWNER<br \/>\nAGENCY \n\t\t\t\t\t\t\t<\/rs-layer><!--\n-->\t\t\t\t\t\t<\/rs-slide>\n\t\t\t\t\t<\/rs-slides>\n\t\t\t\t<\/rs-module>\n\t\t\t\t<script>\n\t\t\t\t\tsetREVStartSize({c: 'rev_slider_4_1',rl:[1240,1240,1240,480],el:[900,900,900,720],gw:[1240,1240,1240,480],gh:[900,900,900,720],type:'hero',justify:'',layout:'fullscreen',offsetContainer:'',offset:'',mh:\"0\"});if (window.RS_MODULES!==undefined && window.RS_MODULES.modules!==undefined && window.RS_MODULES.modules[\"revslider41\"]!==undefined) {window.RS_MODULES.modules[\"revslider41\"].once = false;window.revapi4 = undefined;if (window.RS_MODULES.checkMinimal!==undefined) window.RS_MODULES.checkMinimal()}\n\t\t\t\t<\/script>\n\t\t\t<\/rs-module-wrap>\n\t\t\t<!-- END REVOLUTION SLIDER -->\n<\/div><\/div><\/div><\/section><div class=\"vc_row-full-width vc_clearfix\"><\/div><section data-vc-full-width=\"true\" data-vc-full-width-init=\"false\" class=\"vc_row wpb_row vc_row-fluid  vc_custom_1685435248725 vc_row-has-fill pofo-stretch-content pofo-stretch-row-container\"><div class=\"wpb_column vc_column_container vc_col-sm-12  col-xs-mobile-fullwidth\"><div class=\"vc_column-inner \"><div class=\"wpb_wrapper\">[vc_empty_space][vc_custom_heading text=\u00bbAGENCIA MAR\u00cdTIMA\u00bb font_container=\u00bbtag:h2|text_align:center|color:%23ffffff\u00bb use_theme_fonts=\u00bbyes\u00bb css=\u00bb.vc_custom_1687169700124{margin-top: 0px !important;}\u00bb][vc_custom_heading text=\u00bbOperamos y damos cobertura en todos los puertos, ofreciendo y garantizando nuestra habitual y reconocida profesionalidad y asistencia a todos nuestros clientes.\u00bb font_container=\u00bbtag:h5|text_align:center|color:%23c9c9c9&#8243; use_theme_fonts=\u00bbyes\u00bb el_class=\u00bbthin-font\u00bb][vc_empty_space]<\/div><\/div><\/div><\/section><div class=\"vc_row-full-width vc_clearfix\"><\/div><section id=\"italmar-services\" data-vc-full-width=\"true\" data-vc-full-width-init=\"false\" class=\"vc_row wpb_row vc_row-fluid  vc_custom_1686827631023 position-relative overflow-visible bg-position-left-top vc_row-has-fill pofo-stretch-content pofo-stretch-row-container\"><div class=\"bg-extra-dark-gray bg-overlay\" style=\"opacity:0.3; background-color:#ffffff; \"><\/div><div class=\"wpb_column vc_column_container vc_col-sm-12  col-xs-mobile-fullwidth\"><div class=\"vc_column-inner \"><div class=\"wpb_wrapper\"><div class=\"last-paragraph-no-margin\" style=\"color: #092a60;\"><h3 style=\"font-weight: 600;\"><span style=\"font-weight: 100;\">Servicios <\/span>Italmar<\/h3>\n<\/div>[vc_empty_space]<div class=\"vc_row wpb_row vc_inner vc_row-fluid   vc_row-o-equal-height vc_row-flex\"><div class=\"wpb_column vc_column_container vc_col-sm-3  col-xs-mobile-fullwidth\"><div class=\"vc_column-inner \"><div class=\"wpb_wrapper\"><div class=\"last-paragraph-no-margin\"><h6 class=\"text-extra-dark-gray margin-5px-bottom alt-font font-weight-600\">Hub Agency<\/h6>\n<div class=\"last-paragraph-no-margin\">\n<p>Prestamos Servicio de Agencia Mar\u00edtima en todo el Mundo, cubriendo los viajes desde el Puerto de Carga hasta el Puerto de Descarga, pudiendo gestionar todos los tr\u00e1mites en ambos extremos.<\/p>\n<\/div>\n<\/div>[vc_separator color=\u00bbcustom\u00bb el_width=\u00bb20&#8243; accent_color=\u00bb#092a60&#8243; css=\u00bb.vc_custom_1685437431727{margin-top: -2px !important;}\u00bb el_class=\u00bbshow-mobile\u00bb]<\/div><\/div><\/div><div class=\"wpb_column vc_column_container vc_col-sm-3  col-xs-mobile-fullwidth\"><div class=\"vc_column-inner \"><div class=\"wpb_wrapper\"><div class=\"last-paragraph-no-margin\"><h6 class=\"text-extra-dark-gray margin-5px-bottom alt-font font-weight-600\">Agencia de Armadores<\/h6>\n<div class=\"last-paragraph-no-margin\">\n<p>Proporcionamos todos los requisitos y Servicios que los Armadores necesitan para tener sus Buques listos y en condiciones de navegar.<\/p>\n<\/div>\n<\/div>[vc_separator color=\u00bbcustom\u00bb el_width=\u00bb20&#8243; accent_color=\u00bb#092a60&#8243; css=\u00bb.vc_custom_1685437431727{margin-top: -2px !important;}\u00bb el_class=\u00bbshow-mobile\u00bb]<\/div><\/div><\/div><div class=\"wpb_column vc_column_container vc_col-sm-3  col-xs-mobile-fullwidth\"><div class=\"vc_column-inner \"><div class=\"wpb_wrapper\"><div class=\"last-paragraph-no-margin\"><h6 class=\"text-extra-dark-gray margin-5px-bottom alt-font font-weight-600\">Corredor de Buques<\/h6>\n<div class=\"last-paragraph-no-margin\">\n<p>Gracias a nuestros contactos en todo el mundo, somos capaces de conectar Armadores con Fletadores y Viceversa.<\/p>\n<\/div>\n<\/div>[vc_separator color=\u00bbcustom\u00bb el_width=\u00bb20&#8243; accent_color=\u00bb#092a60&#8243; css=\u00bb.vc_custom_1685437431727{margin-top: -2px !important;}\u00bb el_class=\u00bbshow-mobile\u00bb]<\/div><\/div><\/div><div class=\"wpb_column vc_column_container vc_col-sm-3  col-xs-mobile-fullwidth\"><div class=\"vc_column-inner \"><div class=\"wpb_wrapper\"><\/div><\/div><\/div><\/div>[vc_empty_space height=\u00bb16px\u00bb]<div class=\"vc_row wpb_row vc_inner vc_row-fluid   vc_column-gap-15 vc_row-o-equal-height vc_row-flex\"><div class=\"wpb_column vc_column_container vc_col-sm-3  col-xs-mobile-fullwidth\"><div class=\"vc_column-inner \"><div class=\"wpb_wrapper\"><div class=\"last-paragraph-no-margin\"><h6 class=\"text-extra-dark-gray margin-5px-bottom alt-font font-weight-600\">Bunker<\/h6>\n<div class=\"last-paragraph-no-margin\">\n<p>Proporcionamos suministros de Bunker en las zonas m\u00e1s interesantes.<\/p>\n<\/div>\n<\/div><\/div><\/div><\/div><div class=\"wpb_column vc_column_container vc_col-sm-3  col-xs-mobile-fullwidth\"><div class=\"vc_column-inner \"><div class=\"wpb_wrapper\"><div class=\"last-paragraph-no-margin\"><h6 class=\"text-extra-dark-gray margin-5px-bottom alt-font font-weight-600\">Remolque<\/h6>\n<div class=\"last-paragraph-no-margin\">\n<p>Actuando a trav\u00e9s de nosotros como Broker de Remolque, nuestros comitentes pueden beneficiarse de descuentos muy interesantes en los contratos de Remolque.<\/p>\n<\/div>\n<\/div><\/div><\/div><\/div><div class=\"wpb_column vc_column_container vc_col-sm-3  col-xs-mobile-fullwidth\"><div class=\"vc_column-inner \"><div class=\"wpb_wrapper\"><div class=\"last-paragraph-no-margin\"><h6 class=\"text-extra-dark-gray margin-5px-bottom alt-font font-weight-600\">Agencia de Aduanas<\/h6>\n<div class=\"last-paragraph-no-margin\">\n<p>No importa donde se encuentre su buque o su carga, podemos gestionar todos los tr\u00e1mites aduaneros.<\/p>\n<\/div>\n<\/div><\/div><\/div><\/div><div class=\"wpb_column vc_column_container vc_col-sm-3  col-xs-mobile-fullwidth\"><div class=\"vc_column-inner \"><div class=\"wpb_wrapper\"><\/div><\/div><\/div><\/div>[vc_empty_space height=\u00bb16px\u00bb]<div class=\"vc_row wpb_row vc_inner vc_row-fluid   vc_column-gap-15 vc_row-o-equal-height vc_row-flex\"><div class=\"wpb_column vc_column_container vc_col-sm-3  col-xs-mobile-fullwidth\"><div class=\"vc_column-inner \"><div class=\"wpb_wrapper\"><div class=\"last-paragraph-no-margin\"><h6 class=\"text-extra-dark-gray margin-5px-bottom alt-font font-weight-600\">N\u00e1utica<\/h6>\n<div class=\"last-paragraph-no-margin\">\n<p>Podemos organizar todas sus necesidades de Yatching. Desde la Agencia, hasta organizar el transporte mar\u00edtimo de Punto a Punto.<\/p>\n<\/div>\n<\/div><\/div><\/div><\/div><div class=\"wpb_column vc_column_container vc_col-sm-3  col-xs-mobile-fullwidth\"><div class=\"vc_column-inner \"><div class=\"wpb_wrapper\"><div class=\"last-paragraph-no-margin\"><h6 class=\"text-extra-dark-gray margin-5px-bottom alt-font font-weight-600\">Reparaciones<\/h6>\n<div class=\"last-paragraph-no-margin\">\n<p>Nuestro equipo especializado se encargar\u00e1 de todas las operaciones relacionadas con la reparaci\u00f3n, sin importar donde se encuentre la llamada.<\/p>\n<\/div>\n<\/div><\/div><\/div><\/div><div class=\"wpb_column vc_column_container vc_col-sm-3  col-xs-mobile-fullwidth\"><div class=\"vc_column-inner \"><div class=\"wpb_wrapper\"><div class=\"last-paragraph-no-margin\"><h6 class=\"text-extra-dark-gray margin-5px-bottom alt-font font-weight-600\">Provisiones<\/h6>\n<div class=\"last-paragraph-no-margin\">\n<p>Suministramos todo tipo de provisiones en todo el mundo.<\/p>\n<\/div>\n<\/div><\/div><\/div><\/div><div class=\"wpb_column vc_column_container vc_col-sm-3  col-xs-mobile-fullwidth\"><div class=\"vc_column-inner \"><div class=\"wpb_wrapper\"><\/div><\/div><\/div><\/div>[vc_empty_space height=\u00bb16px\u00bb]<div class=\"vc_row wpb_row vc_inner vc_row-fluid   vc_column-gap-15 vc_row-o-equal-height vc_row-flex\"><div class=\"wpb_column vc_column_container vc_col-sm-3  col-xs-mobile-fullwidth\"><div class=\"vc_column-inner \"><div class=\"wpb_wrapper\"><div class=\"last-paragraph-no-margin\"><h6 class=\"text-extra-dark-gray margin-5px-bottom alt-font font-weight-600\">Servicios de expedici\u00f3n<\/h6>\n<div class=\"last-paragraph-no-margin\">\n<p>Organizamos todo tipo de transporte y destino de mercanc\u00edas (tierra, mar, aire).<\/p>\n<\/div>\n<\/div><\/div><\/div><\/div><div class=\"wpb_column vc_column_container vc_col-sm-3  col-xs-mobile-fullwidth\"><div class=\"vc_column-inner \"><div class=\"wpb_wrapper\"><div class=\"last-paragraph-no-margin\"><h6 class=\"text-extra-dark-gray margin-5px-bottom alt-font font-weight-600\">Servicios Submarinos y Limpieza de Cascos<\/h6>\n<div class=\"last-paragraph-no-margin\">\n<p>Proporcionamos buceadores homologados y formados a nuestros comitentes.<\/p>\n<\/div>\n<\/div><\/div><\/div><\/div><div class=\"wpb_column vc_column_container vc_col-sm-3  col-xs-mobile-fullwidth\"><div class=\"vc_column-inner \"><div class=\"wpb_wrapper\"><div class=\"last-paragraph-no-margin\"><h6 class=\"text-extra-dark-gray margin-5px-bottom alt-font font-weight-600\">Proveedor de STS<\/h6>\n<div class=\"last-paragraph-no-margin\">\n<p>Proporcionamos arreglos de transferencias de barco a barco en todos los Puertos donde STS surgen como una opci\u00f3n.<\/p>\n<\/div>\n<\/div><\/div><\/div><\/div><div class=\"wpb_column vc_column_container vc_col-sm-3  col-xs-mobile-fullwidth\"><div class=\"vc_column-inner \"><div class=\"wpb_wrapper\"><\/div><\/div><\/div><\/div>[vc_empty_space height=\u00bb16px\u00bb]<div class=\"vc_row wpb_row vc_inner vc_row-fluid   vc_column-gap-15 vc_row-o-equal-height vc_row-flex\"><div class=\"wpb_column vc_column_container vc_col-sm-3  col-xs-mobile-fullwidth\"><div class=\"vc_column-inner \"><div class=\"wpb_wrapper\"><div class=\"last-paragraph-no-margin\"><h6 class=\"text-extra-dark-gray margin-5px-bottom alt-font font-weight-600\">Gesti\u00f3n de cuentas de desembolso<\/h6>\n<div class=\"last-paragraph-no-margin\">\n<p>Nuestro equipo de contables est\u00e1 aqu\u00ed para ayudarle a crear un proceso m\u00e1s econ\u00f3mico, ayud\u00e1ndole a negociar las mejores tarifas en costes portuarios y aranceles.<\/p>\n<\/div>\n<\/div><\/div><\/div><\/div><div class=\"wpb_column vc_column_container vc_col-sm-3  col-xs-mobile-fullwidth\"><div class=\"vc_column-inner \"><div class=\"wpb_wrapper\"><\/div><\/div><\/div><div class=\"wpb_column vc_column_container vc_col-sm-3  col-xs-mobile-fullwidth\"><div class=\"vc_column-inner \"><div class=\"wpb_wrapper\"><\/div><\/div><\/div><div class=\"wpb_column vc_column_container vc_col-sm-3  col-xs-mobile-fullwidth\"><div class=\"vc_column-inner \"><div class=\"wpb_wrapper\"><\/div><\/div><\/div><\/div>[vc_raw_html el_id=\u00bbglobe_misc\u00bb]JTNDaGVhZCUzRSUwQSUyMCUyMCUyMCUyMCUzQ21ldGElMjBjaGFyc2V0JTNEJTIydXRmLTglMjIlM0UlMEElMDklM0NsaW5rJTIwaHJlZiUzRCUyMmh0dHBzJTNBJTJGJTJGaXRhbG1hci5uZXQlMkZ3ZWJhc3NldHMlMkZjc3MlMkZnbG9iZSUyRmdsb2JlLmNzcyUyMiUyMHJlbCUzRCUyMnN0eWxlc2hlZXQlMjIlM0UlMEElMDklM0NsaW5rJTIwaHJlZiUzRCUyMmh0dHBzJTNBJTJGJTJGaXRhbG1hci5uZXQlMkZ3ZWJhc3NldHMlMkZjc3MlMkZnbG9iZSUyRnRvdXJjYWxsb3V0LmNzcyUyMiUyMHJlbCUzRCUyMnN0eWxlc2hlZXQlMjIlM0UlMEElMDklM0NsaW5rJTIwaHJlZiUzRCUyMmh0dHBzJTNBJTJGJTJGaXRhbG1hci5uZXQlMkZ3ZWJhc3NldHMlMkZjc3MlMkZtYWluLmNzcyUyMiUyMHJlbCUzRCUyMnN0eWxlc2hlZXQlMjIlM0UlMEElM0MlMkZoZWFkJTNFJTBBJTNDYm9keSUzRSUyMCUyMCUyMCUyMCUyMCUyMCUyMCUyMCUyMCUwQSUyMCUyMCUyMCUyMCUyMCUyMCUyMCUyMCUzQ2RpdiUyMGNsYXNzJTNEJTIycm93JTIyJTNFJTBBJTIwJTIwJTIwJTIwJTIwJTIwJTIwJTIwJTIwJTIwJTIwJTIwJTNDZGl2JTIwY2xhc3MlM0QlMjJjb2wtbGctMTIlMjIlM0UlMEElMjAlMjAlMjAlMjAlMjAlMjAlMjAlMjAlMjAlMjAlMjAlMjAlMjAlMjAlMjAlMjAlM0NkaXYlMjBpZCUzRCUyMmdsb2Jla2l0LWNvbnRhaW5lciUyMiUzRSUwQSUyMCUyMCUyMCUyMCUyMCUyMCUyMCUyMCUyMCUyMCUyMCUyMCUyMCUyMCUyMCUyMCUyMCUyMCUyMCUyMCUzQ2NhbnZhcyUyMGlkJTNEJTIyZ2xvYmVraXQtY2FudmFzJTIyJTIwZGF0YS1nbG9iZS1pbWFnZSUzRCUyMmh0dHBzJTNBJTJGJTJGaXRhbG1hci5uZXQlMkZ3ZWJhc3NldHMlMkZpbWclMkZnbG9iZSUyRndvcmxkX21hcC5qcGclMjIlM0UlM0MlMkZjYW52YXMlM0UlMEElMjAlMjAlMjAlMjAlMjAlMjAlMjAlMjAlMjAlMjAlMjAlMjAlMjAlMjAlMjAlMjAlMjAlMjAlMjAlMjAlM0NkaXYlMjBpZCUzRCUyMmNhbGxvdXQtbWFuYWdlciUyMiUzRSUzQyUyRmRpdiUzRSUwQSUyMCUyMCUyMCUyMCUyMCUyMCUyMCUyMCUyMCUyMCUyMCUyMCUyMCUyMCUyMCUyMCUzQyUyRmRpdiUzRSUwQSUyMCUyMCUyMCUyMCUyMCUyMCUyMCUyMCUyMCUyMCUyMCUyMCUzQyUyRmRpdiUzRSUwQSUyMCUyMCUyMCUyMCUyMCUyMCUyMCUyMCUzQyUyRmRpdiUzRSUwQSUzQ3NjcmlwdCUyMHR5cGUlM0QlMjJtb2R1bGUlMjIlMjBzcmMlM0QlMjJodHRwcyUzQSUyRiUyRml0YWxtYXIubmV0JTJGd2ViYXNzZXRzJTJGanMlMkZnbG9iZSUyRnRvdXIuanMlMjIlM0UlM0MlMkZzY3JpcHQlM0UlMEElM0NzY3JpcHQlMjB0eXBlJTNEJTIybW9kdWxlJTIyJTIwc3JjJTNEJTIyaHR0cHMlM0ElMkYlMkZpdGFsbWFyLm5ldCUyRndlYmFzc2V0cyUyRmpzJTJGZ2xvYmUlMkZtYWluLmpzJTIyJTNFJTNDJTJGc2NyaXB0JTNF[\/vc_raw_html][vc_empty_space]<\/div><\/div><\/div><\/section><div class=\"vc_row-full-width vc_clearfix\"><\/div>\n<\/section>","protected":false},"excerpt":{"rendered":"SHIP OWNER AGENCY Worldwide Shipping Agency SHIP OWNER AGENCY [vc_empty_space][vc_custom_heading text=\"AGENCIA MAR\u00cdTIMA\" font_container=\"tag:h2|text_align:center|color:%23ffffff\" use_theme_fonts=\"yes\" css=\".vc_custom_1687169700124{margin-top: 0px !important;}\"][vc_custom_heading text=\"Operamos y damos cobertura en todos los puertos, ofreciendo y garantizando nuestra habitual y reconocida profesionalidad y asistencia a todos nuestros clientes.\" font_container=\"tag:h5|text_align:center|color:%23c9c9c9\" use_theme_fonts=\"yes\" el_class=\"thin-font\"][vc_empty_space]Servicios Italmar [vc_empty_space]Hub Agency Prestamos Servicio de Agencia Mar\u00edtima en todo el Mundo, cubriendo los viajes desde el Puerto de Carga hasta el Puerto de Descarga, pudiendo gestionar todos los tr\u00e1mites en ambos extremos. [vc_separator color=\"custom\" el_width=\"20\" accent_color=\"#092a60\" css=\".vc_custom_1685437431727{margin-top: -2px !important;}\" el_class=\"show-mobile\"]Agencia de Armadores Proporcionamos todos los requisitos y Servicios que los Armadores necesitan para tener sus Buques listos y en condiciones de navegar. [vc_separator color=\"custom\" el_width=\"20\" accent_color=\"#092a60\" css=\".vc_custom_1685437431727{margin-top: -2px !important;}\" el_class=\"show-mobile\"]Corredor de Buques Gracias a nuestros contactos en todo el mundo, somos capaces de conectar Armadores con Fletadores y Viceversa. [vc_separator color=\"custom\" el_width=\"20\" accent_color=\"#092a60\" css=\".vc_custom_1685437431727{margin-top: -2px !important;}\" el_class=\"show-mobile\"][vc_empty_space height=\"16px\"]Bunker Proporcionamos suministros de Bunker en las zonas m\u00e1s interesantes. Remolque Actuando a trav\u00e9s de nosotros como Broker de Remolque, nuestros comitentes pueden beneficiarse de descuentos muy interesantes en los contratos de Remolque. Agencia de Aduanas No importa donde se encuentre su buque o su carga, podemos gestionar todos los tr\u00e1mites aduaneros. [vc_empty_space height=\"16px\"]N\u00e1utica Podemos organizar todas sus necesidades de...","protected":false},"author":1,"featured_media":0,"parent":0,"menu_order":0,"comment_status":"closed","ping_status":"closed","template":"","meta":{"footnotes":""},"class_list":["post-1100","page","type-page","status-publish","hentry"],"_links":{"self":[{"href":"https:\/\/italmar.net\/es\/wp-json\/wp\/v2\/pages\/1100","targetHints":{"allow":["GET"]}}],"collection":[{"href":"https:\/\/italmar.net\/es\/wp-json\/wp\/v2\/pages"}],"about":[{"href":"https:\/\/italmar.net\/es\/wp-json\/wp\/v2\/types\/page"}],"author":[{"embeddable":true,"href":"https:\/\/italmar.net\/es\/wp-json\/wp\/v2\/users\/1"}],"replies":[{"embeddable":true,"href":"https:\/\/italmar.net\/es\/wp-json\/wp\/v2\/comments?post=1100"}],"version-history":[{"count":4,"href":"https:\/\/italmar.net\/es\/wp-json\/wp\/v2\/pages\/1100\/revisions"}],"predecessor-version":[{"id":1114,"href":"https:\/\/italmar.net\/es\/wp-json\/wp\/v2\/pages\/1100\/revisions\/1114"}],"wp:attachment":[{"href":"https:\/\/italmar.net\/es\/wp-json\/wp\/v2\/media?parent=1100"}],"curies":[{"name":"wp","href":"https:\/\/api.w.org\/{rel}","templated":true}]}}